{"id":3,"date":"2009-04-02T19:21:17","date_gmt":"2009-04-02T17:21:17","guid":{"rendered":"http:\/\/followtheroad.com\/de\/about-2\/"},"modified":"2010-10-17T09:29:44","modified_gmt":"2010-10-17T07:29:44","slug":"apie-mus","status":"publish","type":"page","link":"https:\/\/followtheroad.com\/lt\/apie-mus\/","title":{"rendered":"Mes"},"content":{"rendered":"<h5>Katja Lachmann<\/h5>\n<p><img decoding=\"async\" class=\"size-full wp-image-117 alignleft\" src=\"http:\/\/followtheroad.com\/en\/files\/2009\/04\/de.gif\" alt=\"Vokiet\u0117\" height=\"15\" \/><em> vokiet\u0117<\/em> (<a href=\"http:\/\/www.coconell.com\" target=\"_blank\">www.coconell.com<\/a>)<\/p>\n<div class=\"wp-caption alignright\" style=\"width: 160px;\">\n<a href=\"https:\/\/followtheroad.com\/lt\/photos\/2008\/chile\/san_felipe\/IMG_2418.JPG\" title=\" \" class=\"shutterset_\"><img src=\"https:\/\/followtheroad.com\/lt\/photos\/2008\/chile\/san_felipe\/cache\/IMG_2418.JPG-nggid043354-ngg0dyn-150x0x100-00f0w010c010r110f110r010t010.JPG\" alt=\"IMG_2418\" title=\"IMG_2418\" \/><\/a>\t\n<p class=\"wp-caption-text\"> <\/p><\/div>\n\n<p>Prad\u0117jus studijuoti industrin\u0119 in\u017einerij\u0105 ir inovacij\u0173 vadyb\u0105 Berlyne \u012fsitraukiau \u012f Europos student\u0173 asociacijos <a href=\"http:\/\/www.aegee.org\/\" target=\"_blank\">AEGEE<\/a> veikl\u0105. Dalyvaudame pirmame AEGEE renginyje Olandijoje (2001 m.) pajutau aistr\u0105 kelion\u0117ms, ko pasekoje kelet\u0105 met\u0173 va\u017ein\u0117jau \u012f \u0161ios organizacijos renginius \u012fvairiose Europos \u0161alyse. Bestudijuodama ir dirbdama Ispanijoje (2003-2004 m.), supratau kad vien\u0105 dien\u0105 nor\u0117\u010diau i\u0161keliauti netur\u0117dama nei plan\u0173, nei laiko apribojim\u0173. Labai laukiau tos dienos, kai baigsiu studijas ir b\u016bsiu &#8222;laisva kaip pauk\u0161tis&#8221;&#8230; Nenustygau vietoje ir 2004 m. kelis m\u0117nesius viena keliavau <a href=\"http:\/\/africa.kligys.com\" target=\"_blank\">Piet\u0173 Afrikos \u0161alyse<\/a>. Be kelioni\u0173 tur\u0117dama \u012fkv\u0117pim\u0105 u\u017esiimu <a href=\"http:\/\/www.coconell.com\" target=\"_blank\">k\u016brybine veikla<\/a>.<\/p>\n<h5>Augustas Kligys<\/h5>\n<p><img decoding=\"async\" class=\"size-full wp-image-118 alignleft\" src=\"http:\/\/followtheroad.com\/en\/files\/2009\/04\/lt.gif\" alt=\"Lietuvis\" height=\"15\" \/> (<a href=\"http:\/\/www.kligys.com\/\" target=\"_blank\">www.kligys.com<\/a>)<\/p>\n<div class=\"wp-caption alignleft\" style=\"width: 160px;\">\n<a href=\"https:\/\/followtheroad.com\/lt\/photos\/2008\/chile\/san_felipe\/IMG_2426.JPG\" title=\" \" class=\"shutterset_\"><img src=\"https:\/\/followtheroad.com\/lt\/photos\/2008\/chile\/san_felipe\/cache\/IMG_2426.JPG-nggid043358-ngg0dyn-150x0x100-00f0w010c010r110f110r010t010.JPG\" alt=\"IMG_2426\" title=\"IMG_2426\" \/><\/a>\t\n<p class=\"wp-caption-text\"> <\/p><\/div>\n\n<p>Esu baig\u0119s informatikos magistr\u0105 Aalborg&#8217;o universitete (Danija), tod\u0117l teori\u0161kai arba vadovaujantis &#8222;sveiku protu&#8221;, a\u0161, matyt, tur\u0117jau tapti kompiuteri\u0173 specialistu, o <a href=\"http:\/\/www.kligys.com\/tema\/keliones\/\" target=\"_blank\">kelion\u0117s<\/a> tur\u0117jo b\u016bti mano hobiu. Gal\u0173 gale esu laimingas, nes kelion\u0117s patapo mano pagrindine gyvenimo veikla, o nelemti kompiuteriai &#8211; eilinis hobis. Nuo 1997 m., kai \u012fsijungiau i <a href=\"http:\/\/www.autostop.lt\/\" target=\"_blank\">Vilniaus autostopo klubo<\/a> veikl\u0105, da\u017enai i\u0161l\u0117kdavau kur nors pasiv\u0117\u017einti. Po daugelio met\u0173 klajoni\u0173 Europoje, nor\u0117josi pamatyti ka\u017ek\u0105 nauj\u0105 ir ne taip lengvai nusp\u0117jam\u0105&#8230; Tai buvo <a href=\"http:\/\/www.kligys.com\/2002\/07\/ispudziai-is-kinijos\/\" target=\"_blank\">Kinija<\/a> (2002 m.), i\u0161 karto po to, kai apsigyniau magistro laipsn\u012f. Dar po dviej\u0173 met\u0173 teko autostopu keliauti <a href=\"http:\/\/afrika.kligys.com\/\" target=\"_blank\">Ryt\u0173 Afrikoje<\/a>, bei dirbti <a href=\"http:\/\/www.glen-europe.org\/\" target=\"_blank\">savanori\u0161k\u0105<\/a> darb\u0105 Keiptaune (Piet\u0173 Afrikos Respublika). I\u0161 viso Afrikos kontinente t\u0105 kart\u0105 praleidau pus\u0119 met\u0173.<\/p>\n<p>2010-aisiais prad\u0117jau nauj\u0105 savo gyvenimo epizod\u0105. Susidom\u0117jau dvasiniais dalykais. Suvokiau svarb\u0105 gyventi DABAR, \u0160iuo Momentu. Tikiu, kad praeitis ir ateitis neegzistuoja. B\u016bti laimingu yra labai paprasta. (<a href=\"http:\/\/followtheroad.com\/lt\/musu-ikvepimo-saltiniai\/\">m\u016bs\u0173 \u012fkv\u0117pimo \u0161altiniai<\/a>)<\/p>\n<h5 style=\"text-align: center\">Susitikimas<\/h5>\n<p>Kaip mes susitikome? Istorija labai paprasta &#8211; 2003-\u0173j\u0173 vasar\u0105 Augustas su draugu keliavo aplink Ispanij\u0105. Prie\u0161 atva\u017eiuojant \u012f Saragos\u0105 (Zaragoza), kur tuo metu mok\u0117si Katja, per nemokamos nakvyn\u0117s duomen\u0173 baz\u0119 &#8211; <a href=\"http:\/\/www.hospitalityclub.org\/\" target=\"_blank\">Hospitality Club<\/a> &#8211; jie sukontaktavo Katj\u0105. Po trij\u0173 dien\u0173 vie\u0161\u0117jimo pas j\u0105, jie pasi\u016bl\u0117 prisijungti i\u0161vykai i Pir\u0117n\u0173 kalnus piet\u0173 Pranc\u016bzijoje, kur tuo metu vyko bendruomen\u0117se gyvenan\u010di\u0173 \u017emoni\u0173 stovykla, taip vadinamas <a href=\"http:\/\/www.kligys.com\/2003\/08\/rainbow-gathering-prancuzija\/\" target=\"_blank\">Rainbow Gathering<\/a>.<\/p>\n<p style=\"text-align: center\"><img loading=\"lazy\" decoding=\"async\" class=\"size-thumbnail wp-image-119 aligncenter\" src=\"http:\/\/followtheroad.com\/en\/files\/2009\/04\/hands_about.jpg\" alt=\"Katja und Augustas treffen 2003\" width=\"182\" height=\"200\" \/><\/p>\n<h5 style=\"text-align: center\">Istorija tes\u0117si<\/h5>\n<p>I\u0161 karto po Rainbow Gathering, beveik vis\u0105 m\u0117nes\u012f dviese keliavome per Ispanijos vakarin\u0119 pakrant\u0119, bei vis\u0105 Portugalij\u0105. Laikui b\u0117gant gyvenome \u012fvairiose vietose: Augustas &#8211; Lietuvoje ir Danijoje, tuo tarpu Katja &#8211; Ispanijoje bei Vokietijoje. 2004-\u0173j\u0173 vasar\u0105 abu keliavome ir gyvenome <a href=\"http:\/\/afrika.kligys.com\/\" target=\"_blank\">Afrikos \u0161alyse<\/a>.<\/p>\n<p>Dar kai mes net nebuvom susitik\u0119, abu tur\u0117jome t\u0105 pa\u010di\u0105 slapt\u0105 svajon\u0119 &#8211; pamatyti kuo daugiau pasaulio \u0161ali\u0173, kult\u016br\u0173, bei skirting\u0173 \u017emoni\u0173&#8230; Atrodo, kad m\u016bs\u0173 svajon\u0117 pildosi&#8230;<\/p>\n<p><em><strong>&#8230; Follow The Road &#8230;<\/strong><\/em><\/p>\n<p><em><strong><img loading=\"lazy\" decoding=\"async\" class=\"aligncenter size-full wp-image-120\" src=\"http:\/\/followtheroad.com\/en\/files\/2009\/04\/rainbow_about.gif\" alt=\"Rainbow -- FollowTheRoad\" width=\"20\" height=\"20\" \/><\/strong><\/em><\/p>\n<p style=\"text-align: center\">Katja &amp; Augustas<\/p>\n","protected":false},"excerpt":{"rendered":"<p>Katja Lachmann vokiet\u0117 (www.coconell.com) Prad\u0117jus studijuoti industrin\u0119 in\u017einerij\u0105 ir inovacij\u0173 vadyb\u0105 Berlyne \u012fsitraukiau \u012f Europos student\u0173 asociacijos AEGEE veikl\u0105. Dalyvaudame pirmame AEGEE renginyje Olandijoje (2001 m.) pajutau aistr\u0105 kelion\u0117ms, ko pasekoje kelet\u0105 met\u0173 va\u017ein\u0117jau \u012f \u0161ios organizacijos renginius \u012fvairiose Europos \u0161alyse. Bestudijuodama ir dirbdama Ispanijoje (2003-2004 m.), supratau kad vien\u0105 dien\u0105 nor\u0117\u010diau i\u0161keliauti netur\u0117dama nei [&hellip;]<\/p>\n","protected":false},"author":1,"featured_media":0,"parent":0,"menu_order":0,"comment_status":"closed","ping_status":"open","template":"page.php","meta":{"ngg_post_thumbnail":0,"jetpack_post_was_ever_published":false,"footnotes":""},"class_list":["post-3","page","type-page","status-publish","hentry"],"aioseo_notices":[],"jetpack_sharing_enabled":true,"_links":{"self":[{"href":"https:\/\/followtheroad.com\/lt\/wp-json\/wp\/v2\/pages\/3","targetHints":{"allow":["GET"]}}],"collection":[{"href":"https:\/\/followtheroad.com\/lt\/wp-json\/wp\/v2\/pages"}],"about":[{"href":"https:\/\/followtheroad.com\/lt\/wp-json\/wp\/v2\/types\/page"}],"author":[{"embeddable":true,"href":"https:\/\/followtheroad.com\/lt\/wp-json\/wp\/v2\/users\/1"}],"replies":[{"embeddable":true,"href":"https:\/\/followtheroad.com\/lt\/wp-json\/wp\/v2\/comments?post=3"}],"version-history":[{"count":3,"href":"https:\/\/followtheroad.com\/lt\/wp-json\/wp\/v2\/pages\/3\/revisions"}],"predecessor-version":[{"id":1021,"href":"https:\/\/followtheroad.com\/lt\/wp-json\/wp\/v2\/pages\/3\/revisions\/1021"}],"wp:attachment":[{"href":"https:\/\/followtheroad.com\/lt\/wp-json\/wp\/v2\/media?parent=3"}],"curies":[{"name":"wp","href":"https:\/\/api.w.org\/{rel}","templated":true}]}}