{"id":179,"date":"2009-05-02T09:13:11","date_gmt":"2009-05-02T08:13:11","guid":{"rendered":"http:\/\/followtheroad.com\/en\/?page_id=179"},"modified":"2011-06-09T01:33:59","modified_gmt":"2011-06-08T23:33:59","slug":"straipsniai","status":"publish","type":"page","link":"https:\/\/followtheroad.com\/lt\/medija\/straipsniai\/","title":{"rendered":"Straipsniai"},"content":{"rendered":"<p><strong>Portalas &#8222;Kelioni\u0173 manija&#8221;:<\/strong><\/p>\n<ul>\n<li>2011 06 08 <a href=\"http:\/\/www.kelioniumanija.lt\/lt\/kelioniu_idejos\/tolimi_krastai\/nekeliautojai_katja_ir_augustas_uz_pasauli_be_etikeciu.html\" target=\"_blank\">Nekeliautojai Katja ir Augustas \u2013 u\u017e pasaul\u012f be etike\u010di\u0173<\/a><\/li>\n<\/ul>\n<p><strong>Laikra\u0161tis &#8222;Lietuvos \u017einios&#8221;:<\/strong><\/p>\n<ul>\n<li>2010 09 03 (nr. 200 \/ 12729) <a href=\"http:\/\/www.kligys.com\/2010\/12\/aplink-zeme-autostopu-cia-ir-dabar-lietuvos-zinios\/\" target=\"_blank\">Aplink \u017dem\u0119 autostopu: \u010dia ir dabar<\/a><\/li>\n<\/ul>\n<p><strong>\u017durnalas &#8222;<a href=\"http:\/\/www.veidas.lt\/\" target=\"_blank\">Veidas<\/a>&#8222;:<\/strong><\/p>\n<ul>\n<li>2009 08 31 (nr. 35) <a href=\"http:\/\/followtheroad.com\/lt\/musu-veidai-veide\/\" target=\"_blank\">Met\u0173 pertrauka u\u017e Lietuvos rib\u0173<\/a><\/li>\n<\/ul>\n<p><strong>Portalas <a href=\"http:\/\/www.bernardinai.lt\/\" target=\"_blank\">bernardinai.lt<\/a>:<\/strong><\/p>\n<ul>\n<li>2009 03 17 <a href=\"http:\/\/www.bernardinai.lt\/index.php?url=articles%2F92682\" target=\"_blank\">Katjos ir Augusto kelion\u0117s per pasaul\u012f autostopu<\/a><\/li>\n<\/ul>\n<p><strong>Portalas <a rel=\"nofollow\" href=\"http:\/\/www.delfi.lt\/\" target=\"_blank\">delfi.lt<\/a>:<\/strong><\/p>\n<ul>\n<li>2008 09 25 <a rel=\"nofollow\" href=\"http:\/\/www.delfi.lt\/news\/daily\/emigrants\/article.php?id=18666248\" target=\"_blank\">Meil\u0117 u\u017esienie\u010diams moko tolerancijos ir \u201edau\u017eo\u201c stereotipus<\/a><\/li>\n<\/ul>\n<p><strong>\u017durnalas &#8222;JI&#8221;:<\/strong><\/p>\n<ul>\n<li>2008 06\u00a023-29 (nr. 26)\u00a0<a href=\"http:\/\/followtheroad.com\/lt\/atsakymai-i-klausimus-apie-musu-gyvenima\/\">Kelion\u0117s suteikia beribi\u0105 laisv\u0119<\/a><\/li>\n<\/ul>\n<p><strong>Kelioni\u0173 rubrika portale <a rel=\"nofollow\" href=\"http:\/\/www.lrytas.lt\/\" target=\"_blank\">lrytas.lt<\/a>:<\/strong><\/p>\n<ul>\n<li>2008 05 23 <a rel=\"nofollow\" href=\"http:\/\/www.lrytas.lt\/-12115188431210964493-p1-Kelion%C4%97s-Gyvenimas-kelion%C4%97je-2-Apie-Peru-ligonines-ir-klinikas-nuotraukos.htm\" target=\"_blank\">Gyvenimas kelion\u0117je 2: Apie Peru ligonines ir klinikas<\/a><\/li>\n<li>2008 05 10 <a rel=\"nofollow\" href=\"http:\/\/www.lrytas.lt\/-12103620131208421610-p1-Kelion%C4%97s-Gyvenimas-kelion%C4%97je-1-Lietuviai-Lotyn%C5%B3-Amerikoje.htm\" target=\"_blank\">Gyvenimas kelion\u0117je 1: Lietuviai Lotyn\u0173 Amerikoje<\/a><\/li>\n<\/ul>\n<p><strong>Dienra\u0161tis <a rel=\"nofollow\" href=\"http:\/\/kauno.diena.lt\/\" target=\"_blank\">Kauno Diena<\/a>:<\/strong><\/p>\n<ul>\n<li>2008 05 10 <a rel=\"nofollow\" href=\"http:\/\/klaipeda.diena.lt\/dienrastis\/priedai\/sokoladas\/purvo-vonia-mineralinio-vandens-dusas-ir-miegantis-indenas-113630\" target=\"_blank\">Purvo vonia, mineralinio vandens du\u0161as ir Miegantis ind\u0117nas<\/a> <a rel=\"nofollow\" href=\"http:\/\/whatson.delfi.lt\/news\/travel\/article.php?id=16972468\" target=\"_blank\">(tas pats Delfyje)<\/a><\/li>\n<\/ul>\n<p><strong>\u017durnalas kelioni\u0173 m\u0117g\u0117jams Kelioni\u0173 Magija:<\/strong><br \/>\n<span style=\"font-size: xx-small;\">Gyvenimas kelion\u0117je: keliautojo autostopu Augusto Kligio ir jo draug\u0117s Katjos nuotykiai, susitikimai su \u012fdomiais \u017emon\u0117mis.<\/span><\/p>\n<ul>\n<li>2008 nr.1 Venesuela &#8211; kur vanduo brangesnis u\u017e benzin\u0105<\/li>\n<li>2007 nr.9 Autostopu per Nikaragv\u0105, Salvador\u0105 ir Hond\u016br\u0105<\/li>\n<li>2007 nr.8 <a href=\"http:\/\/followtheroad.com\/lt\/kelioniu-magija-autostopu-per-panama-ir-kosta-rika.html\">Autostopu per Panam\u0105 ir Kost\u0105 Rik\u0105<\/a> <a rel=\"nofollow\" href=\"http:\/\/whatson.delfi.lt\/news\/travel\/article.php?id=15033872\" target=\"_blank\">(tas pats Delfyje)<\/a><\/li>\n<li>2007 nr.7 <a href=\"http:\/\/followtheroad.com\/lt\/kelioniu-magija-i-kuba-pakeleivinga-jachta.html\">\u012e Kub\u0105 pakeleivinga jachta<\/a><\/li>\n<li>2007 nr.6 <a href=\"http:\/\/followtheroad.com\/lt\/kelioniu-magija-autostopu-per-centrine-amerika.html\">Autostopu per Centrin\u0119 Amerik\u0105: Meksika, Belizas, Gvatemala<\/a><\/li>\n<\/ul>\n","protected":false},"excerpt":{"rendered":"<p>Portalas &#8222;Kelioni\u0173 manija&#8221;: 2011 06 08 Nekeliautojai Katja ir Augustas \u2013 u\u017e pasaul\u012f be etike\u010di\u0173 Laikra\u0161tis &#8222;Lietuvos \u017einios&#8221;: 2010 09 03 (nr. 200 \/ 12729) Aplink \u017dem\u0119 autostopu: \u010dia ir dabar \u017durnalas &#8222;Veidas&#8222;: 2009 08 31 (nr. 35) Met\u0173 pertrauka u\u017e Lietuvos rib\u0173 Portalas bernardinai.lt: 2009 03 17 Katjos ir Augusto kelion\u0117s per pasaul\u012f autostopu [&hellip;]<\/p>\n","protected":false},"author":1,"featured_media":0,"parent":172,"menu_order":40,"comment_status":"closed","ping_status":"open","template":"","meta":{"ngg_post_thumbnail":0,"jetpack_post_was_ever_published":false,"footnotes":""},"class_list":["post-179","page","type-page","status-publish","hentry"],"aioseo_notices":[],"jetpack_sharing_enabled":true,"_links":{"self":[{"href":"https:\/\/followtheroad.com\/lt\/wp-json\/wp\/v2\/pages\/179","targetHints":{"allow":["GET"]}}],"collection":[{"href":"https:\/\/followtheroad.com\/lt\/wp-json\/wp\/v2\/pages"}],"about":[{"href":"https:\/\/followtheroad.com\/lt\/wp-json\/wp\/v2\/types\/page"}],"author":[{"embeddable":true,"href":"https:\/\/followtheroad.com\/lt\/wp-json\/wp\/v2\/users\/1"}],"replies":[{"embeddable":true,"href":"https:\/\/followtheroad.com\/lt\/wp-json\/wp\/v2\/comments?post=179"}],"version-history":[{"count":3,"href":"https:\/\/followtheroad.com\/lt\/wp-json\/wp\/v2\/pages\/179\/revisions"}],"predecessor-version":[{"id":291,"href":"https:\/\/followtheroad.com\/lt\/wp-json\/wp\/v2\/pages\/179\/revisions\/291"}],"up":[{"embeddable":true,"href":"https:\/\/followtheroad.com\/lt\/wp-json\/wp\/v2\/pages\/172"}],"wp:attachment":[{"href":"https:\/\/followtheroad.com\/lt\/wp-json\/wp\/v2\/media?parent=179"}],"curies":[{"name":"wp","href":"https:\/\/api.w.org\/{rel}","templated":true}]}}