{"id":177,"date":"2009-05-02T09:11:49","date_gmt":"2009-05-02T08:11:49","guid":{"rendered":"http:\/\/followtheroad.com\/en\/?page_id=177"},"modified":"2009-05-08T19:58:49","modified_gmt":"2009-05-08T17:58:49","slug":"video","status":"publish","type":"page","link":"https:\/\/followtheroad.com\/lt\/medija\/video\/","title":{"rendered":"Video"},"content":{"rendered":"<p>Trumpi filmukai i\u0161 m\u016bs\u0173 kelion\u0117s:<\/p>\n","protected":false},"excerpt":{"rendered":"<p>Trumpi filmukai i\u0161 m\u016bs\u0173 kelion\u0117s:<\/p>\n","protected":false},"author":1,"featured_media":0,"parent":172,"menu_order":20,"comment_status":"closed","ping_status":"open","template":"page_video.php","meta":{"ngg_post_thumbnail":0,"jetpack_post_was_ever_published":false,"footnotes":""},"class_list":["post-177","page","type-page","status-publish","hentry"],"aioseo_notices":[],"jetpack_sharing_enabled":true,"_links":{"self":[{"href":"https:\/\/followtheroad.com\/lt\/wp-json\/wp\/v2\/pages\/177","targetHints":{"allow":["GET"]}}],"collection":[{"href":"https:\/\/followtheroad.com\/lt\/wp-json\/wp\/v2\/pages"}],"about":[{"href":"https:\/\/followtheroad.com\/lt\/wp-json\/wp\/v2\/types\/page"}],"author":[{"embeddable":true,"href":"https:\/\/followtheroad.com\/lt\/wp-json\/wp\/v2\/users\/1"}],"replies":[{"embeddable":true,"href":"https:\/\/followtheroad.com\/lt\/wp-json\/wp\/v2\/comments?post=177"}],"version-history":[{"count":2,"href":"https:\/\/followtheroad.com\/lt\/wp-json\/wp\/v2\/pages\/177\/revisions"}],"predecessor-version":[{"id":286,"href":"https:\/\/followtheroad.com\/lt\/wp-json\/wp\/v2\/pages\/177\/revisions\/286"}],"up":[{"embeddable":true,"href":"https:\/\/followtheroad.com\/lt\/wp-json\/wp\/v2\/pages\/172"}],"wp:attachment":[{"href":"https:\/\/followtheroad.com\/lt\/wp-json\/wp\/v2\/media?parent=177"}],"curies":[{"name":"wp","href":"https:\/\/api.w.org\/{rel}","templated":true}]}}