{"id":175,"date":"2009-05-02T09:10:38","date_gmt":"2009-05-02T07:10:38","guid":{"rendered":"http:\/\/followtheroad.com\/en\/?page_id=175"},"modified":"2010-02-07T18:29:24","modified_gmt":"2010-02-07T16:29:24","slug":"prezentacija","status":"publish","type":"page","link":"https:\/\/followtheroad.com\/lt\/medija\/prezentacija\/","title":{"rendered":"Prezentacija"},"content":{"rendered":"<h2>&#8222;Gyvenimas Kelyje&#8221; 2006-2009<\/h2>\n<p>Pirm\u0105 kart\u0105 \u0161i\u0105 prezentacij\u0105 rod\u0117me 2009 m. lapkrit\u012f &#8222;Paparazzi&#8221; bare Vilniuje. Skaidr\u0117se dalinam\u0117s ketveri\u0173 met\u0173 gyvenimo kelyje detal\u0117mis &#8211; maistas, higiena, \u017emon\u0117s, finansai&#8230; Tarp kai kuri\u0173 skaidri\u0173 \u012fterp\u0117m ir 7 trumpus filmukus, kuriuos galite pamatyti ir \u010dia publikuojamoje Internetin\u0117je prezentacijos versijoje. Filmukai integruoti i\u0161 youtube tiesiai tarp skaidri\u0173.<br \/>\n<object style=\"margin:0px\" width=\"480\" height=\"400\"><param name=\"movie\" value=\"http:\/\/static.slidesharecdn.com\/swf\/ssplayer2.swf?doc=followtheroad-gyvenimaskelyje-2009-100207010209-phpapp02&rel=0&stripped_title=follow-the-road-gyvenimas-kelyje-2009\" \/><param name=\"allowFullScreen\" value=\"true\"\/><param name=\"allowScriptAccess\" value=\"always\"\/><embed src=\"http:\/\/static.slidesharecdn.com\/swf\/ssplayer2.swf?doc=followtheroad-gyvenimaskelyje-2009-100207010209-phpapp02&rel=0&stripped_title=follow-the-road-gyvenimas-kelyje-2009\" type=\"application\/x-shockwave-flash\" allowscriptaccess=\"always\" allowfullscreen=\"true\" width=\"480\" height=\"400\"><\/embed><\/object>\r\n<br\/><br\/><\/p>\n<p>Vis\u0105 fail\u0105 su animacijomis (be video) galite parsisi\u0173sti i\u0161\u00a0<a href=\"http:\/\/followtheroad.com\/presentation\/GyvenimasKelyje-2009.pptx\" target=\"_blank\">m\u016bs\u0173 tinklapio<\/a> (30 MB, PowerPoint 2007).<\/p>\n<p><em><span style=\"color: #808080\">2007 metais Kolumbijos sostin\u0117je Bogotoje esan\u010dios Antano Mockaus organizacijos &#8222;<\/span><\/em><a href=\"http:\/\/www.visionariosporcolombia.com\/\" target=\"_blank\"><em><span style=\"color: #808080\">Visionarios Por Colombia<\/span><\/em><\/a><em><span style=\"color: #808080\">&#8221; darbuotojams buvom paruo\u0161\u0119 pirm\u0105j\u0105 m\u016bs\u0173 prezentacijos versij\u0105, kuri\u0105 galite per\u017ei\u016br\u0117ti <\/span><\/em><em><span style=\"color: #808080\"><a href=\"http:\/\/www.slideshare.net\/followtheroad\/follow-the-road-2007\" target=\"_blank\">SlideShare<\/a> portale<\/span><\/em><em><span style=\"color: #808080\">, arba tiesiog <\/span><\/em><a href=\"http:\/\/followtheroad.com\/presentation\/FollowTheRoad.pps\"><em><span style=\"color: #808080\">parsisi\u0173sti<\/span><\/em><\/a><em><span style=\"color: #808080\"> i\u0161 m\u016bs\u0173 (13 MB).<\/span><\/em><\/p>\n","protected":false},"excerpt":{"rendered":"<p>&#8222;Gyvenimas Kelyje&#8221; 2006-2009 Pirm\u0105 kart\u0105 \u0161i\u0105 prezentacij\u0105 rod\u0117me 2009 m. lapkrit\u012f &#8222;Paparazzi&#8221; bare Vilniuje. Skaidr\u0117se dalinam\u0117s ketveri\u0173 met\u0173 gyvenimo kelyje detal\u0117mis &#8211; maistas, higiena, \u017emon\u0117s, finansai&#8230; Tarp kai kuri\u0173 skaidri\u0173 \u012fterp\u0117m ir 7 trumpus filmukus, kuriuos galite pamatyti ir \u010dia publikuojamoje Internetin\u0117je prezentacijos versijoje. Filmukai integruoti i\u0161 youtube tiesiai tarp skaidri\u0173. Vis\u0105 fail\u0105 su animacijomis [&hellip;]<\/p>\n","protected":false},"author":1,"featured_media":0,"parent":172,"menu_order":5,"comment_status":"open","ping_status":"open","template":"","meta":{"ngg_post_thumbnail":0,"jetpack_post_was_ever_published":false,"footnotes":""},"class_list":["post-175","page","type-page","status-publish","hentry"],"aioseo_notices":[],"jetpack_sharing_enabled":true,"_links":{"self":[{"href":"https:\/\/followtheroad.com\/lt\/wp-json\/wp\/v2\/pages\/175","targetHints":{"allow":["GET"]}}],"collection":[{"href":"https:\/\/followtheroad.com\/lt\/wp-json\/wp\/v2\/pages"}],"about":[{"href":"https:\/\/followtheroad.com\/lt\/wp-json\/wp\/v2\/types\/page"}],"author":[{"embeddable":true,"href":"https:\/\/followtheroad.com\/lt\/wp-json\/wp\/v2\/users\/1"}],"replies":[{"embeddable":true,"href":"https:\/\/followtheroad.com\/lt\/wp-json\/wp\/v2\/comments?post=175"}],"version-history":[{"count":3,"href":"https:\/\/followtheroad.com\/lt\/wp-json\/wp\/v2\/pages\/175\/revisions"}],"predecessor-version":[{"id":285,"href":"https:\/\/followtheroad.com\/lt\/wp-json\/wp\/v2\/pages\/175\/revisions\/285"}],"up":[{"embeddable":true,"href":"https:\/\/followtheroad.com\/lt\/wp-json\/wp\/v2\/pages\/172"}],"wp:attachment":[{"href":"https:\/\/followtheroad.com\/lt\/wp-json\/wp\/v2\/media?parent=175"}],"curies":[{"name":"wp","href":"https:\/\/api.w.org\/{rel}","templated":true}]}}