{"id":166,"date":"2009-04-28T21:04:08","date_gmt":"2009-04-28T20:04:08","guid":{"rendered":"http:\/\/followtheroad.com\/en\/?page_id=166"},"modified":"2009-05-08T20:19:59","modified_gmt":"2009-05-08T18:19:59","slug":"atvirutes","status":"publish","type":"page","link":"https:\/\/followtheroad.com\/lt\/kontaktai\/atvirutes\/","title":{"rendered":"Atvirut\u0117s"},"content":{"rendered":"<p>Kolekcionuojate atvirutes arba tiesiog nor\u0117tumete gauti vien\u0105 i\u0161 kito pasaulio kra\u0161to? <a href=\"http:\/\/followtheroad.com\/lt\/kontaktai\/\">Para\u0161ykite mums<\/a> ir jums i\u0161si\u0173sime atvirut\u0119 i\u0161 \u0161alies kurioje esame!<\/p>\n<p>U\u017e atvirut\u0117s siuntim\u0105 pra\u0161ome 17 lit\u0173 (5\u20ac), \u012f kuriuos \u012fskai\u010diuojame pirkimo ir siuntimo i\u0161laidas. Gyvename kelyje, tad u\u017edirbtus kelis litus prisidursime \u0161iek tiek prie m\u016bs\u0173 krep\u0161elio ir gal\u0117sime keliauti viena diena ilgiau. Na, o kuo ilgiau keliausime, tuo ilgiau tur\u0117sime galimyb\u0119 dalintis m\u016bs\u0173 pasauliu su jumis. Tad jei nor\u0117tum\u0117te atvirut\u0117s &#8211; b\u016btinai <a href=\"http:\/\/followtheroad.com\/lt\/kontaktai\/\">mums para\u0161ykit<\/a>!<\/p>\n","protected":false},"excerpt":{"rendered":"<p>Kolekcionuojate atvirutes arba tiesiog nor\u0117tumete gauti vien\u0105 i\u0161 kito pasaulio kra\u0161to? Para\u0161ykite mums ir jums i\u0161si\u0173sime atvirut\u0119 i\u0161 \u0161alies kurioje esame! U\u017e atvirut\u0117s siuntim\u0105 pra\u0161ome 17 lit\u0173 (5\u20ac), \u012f kuriuos \u012fskai\u010diuojame pirkimo ir siuntimo i\u0161laidas. Gyvename kelyje, tad u\u017edirbtus kelis litus prisidursime \u0161iek tiek prie m\u016bs\u0173 krep\u0161elio ir gal\u0117sime keliauti viena diena ilgiau. Na, o [&hellip;]<\/p>\n","protected":false},"author":1,"featured_media":0,"parent":145,"menu_order":0,"comment_status":"closed","ping_status":"open","template":"","meta":{"ngg_post_thumbnail":0,"jetpack_post_was_ever_published":false,"footnotes":""},"class_list":["post-166","page","type-page","status-publish","hentry"],"aioseo_notices":[],"jetpack_sharing_enabled":true,"_links":{"self":[{"href":"https:\/\/followtheroad.com\/lt\/wp-json\/wp\/v2\/pages\/166","targetHints":{"allow":["GET"]}}],"collection":[{"href":"https:\/\/followtheroad.com\/lt\/wp-json\/wp\/v2\/pages"}],"about":[{"href":"https:\/\/followtheroad.com\/lt\/wp-json\/wp\/v2\/types\/page"}],"author":[{"embeddable":true,"href":"https:\/\/followtheroad.com\/lt\/wp-json\/wp\/v2\/users\/1"}],"replies":[{"embeddable":true,"href":"https:\/\/followtheroad.com\/lt\/wp-json\/wp\/v2\/comments?post=166"}],"version-history":[{"count":2,"href":"https:\/\/followtheroad.com\/lt\/wp-json\/wp\/v2\/pages\/166\/revisions"}],"predecessor-version":[{"id":299,"href":"https:\/\/followtheroad.com\/lt\/wp-json\/wp\/v2\/pages\/166\/revisions\/299"}],"up":[{"embeddable":true,"href":"https:\/\/followtheroad.com\/lt\/wp-json\/wp\/v2\/pages\/145"}],"wp:attachment":[{"href":"https:\/\/followtheroad.com\/lt\/wp-json\/wp\/v2\/media?parent=166"}],"curies":[{"name":"wp","href":"https:\/\/api.w.org\/{rel}","templated":true}]}}