{"id":145,"date":"2009-04-26T11:58:45","date_gmt":"2009-04-26T10:58:45","guid":{"rendered":"http:\/\/followtheroad.com\/en\/?page_id=145"},"modified":"2010-10-10T08:15:10","modified_gmt":"2010-10-10T06:15:10","slug":"kontaktai","status":"publish","type":"page","link":"https:\/\/followtheroad.com\/lt\/kontaktai\/","title":{"rendered":"Kontaktai"},"content":{"rendered":"<p>M\u016bs\u0173 adresas\u00a0<span style=\"font-size: 15px\"><strong>mes@FollowTheRoad.com<\/strong><\/span><\/p>\n<p>Ra\u0161ykite jei noretum\u0117te:<\/p>\n<ul>\n<li>susitikti ir pasiklausyti m\u016bs\u0173 nuotyki\u0173<\/li>\n<li>drauge i\u0161gerti \u0161vie\u017eiai spaustas sultis<\/li>\n<li>pasidalinti ar apsikeisti informacija<\/li>\n<li>pasikviesti mus \u012f sve\u010dius<\/li>\n<li>pasi\u016blyti savanori\u0161k\u0105 ar kitok\u012f k\u016brybin\u012f ir nek\u016brybin\u012f darb\u0105<\/li>\n<li>susisiekti su mumis kitais klausimais<\/li>\n<\/ul>\n<p>\u012e j\u016bs\u0173 lai\u0161k\u0105 atsakysime kaip galima grei\u010diau. A\u010di\u016b! \ud83d\ude42<\/p>\n","protected":false},"excerpt":{"rendered":"<p>M\u016bs\u0173 adresas\u00a0mes@FollowTheRoad.com Ra\u0161ykite jei noretum\u0117te: susitikti ir pasiklausyti m\u016bs\u0173 nuotyki\u0173 drauge i\u0161gerti \u0161vie\u017eiai spaustas sultis pasidalinti ar apsikeisti informacija pasikviesti mus \u012f sve\u010dius pasi\u016blyti savanori\u0161k\u0105 ar kitok\u012f k\u016brybin\u012f ir nek\u016brybin\u012f darb\u0105 susisiekti su mumis kitais klausimais \u012e j\u016bs\u0173 lai\u0161k\u0105 atsakysime kaip galima grei\u010diau. A\u010di\u016b! \ud83d\ude42<\/p>\n","protected":false},"author":1,"featured_media":0,"parent":0,"menu_order":80,"comment_status":"closed","ping_status":"open","template":"","meta":{"ngg_post_thumbnail":0,"jetpack_post_was_ever_published":false,"footnotes":""},"class_list":["post-145","page","type-page","status-publish","hentry"],"aioseo_notices":[],"jetpack_sharing_enabled":true,"_links":{"self":[{"href":"https:\/\/followtheroad.com\/lt\/wp-json\/wp\/v2\/pages\/145","targetHints":{"allow":["GET"]}}],"collection":[{"href":"https:\/\/followtheroad.com\/lt\/wp-json\/wp\/v2\/pages"}],"about":[{"href":"https:\/\/followtheroad.com\/lt\/wp-json\/wp\/v2\/types\/page"}],"author":[{"embeddable":true,"href":"https:\/\/followtheroad.com\/lt\/wp-json\/wp\/v2\/users\/1"}],"replies":[{"embeddable":true,"href":"https:\/\/followtheroad.com\/lt\/wp-json\/wp\/v2\/comments?post=145"}],"version-history":[{"count":3,"href":"https:\/\/followtheroad.com\/lt\/wp-json\/wp\/v2\/pages\/145\/revisions"}],"predecessor-version":[{"id":1015,"href":"https:\/\/followtheroad.com\/lt\/wp-json\/wp\/v2\/pages\/145\/revisions\/1015"}],"wp:attachment":[{"href":"https:\/\/followtheroad.com\/lt\/wp-json\/wp\/v2\/media?parent=145"}],"curies":[{"name":"wp","href":"https:\/\/api.w.org\/{rel}","templated":true}]}}