{"id":141,"date":"2009-04-25T23:55:26","date_gmt":"2009-04-25T21:55:26","guid":{"rendered":"http:\/\/followtheroad.com\/en\/?page_id=141"},"modified":"2010-10-26T09:38:59","modified_gmt":"2010-10-26T07:38:59","slug":"nuorodos","status":"publish","type":"page","link":"https:\/\/followtheroad.com\/lt\/nuorodos\/","title":{"rendered":"Nuorodos"},"content":{"rendered":"<p>\u0160iame puslapyje rasite nuorodas \u012f tinklapius, kurie mums atrod\u0117 verti d\u0117mesio m\u016bs\u0173 berib\u0117s kelion\u0117s metu. Jei nor\u0117tum\u0117te pasi\u016blyti nauj\u0105 nuorod\u0105 &#8211; <a href=\"http:\/\/followtheroad.com\/lt\/kontaktai\/\">para\u0161ykite mums<\/a>.<\/p>\n","protected":false},"excerpt":{"rendered":"<p>\u0160iame puslapyje rasite nuorodas \u012f tinklapius, kurie mums atrod\u0117 verti d\u0117mesio m\u016bs\u0173 berib\u0117s kelion\u0117s metu. Jei nor\u0117tum\u0117te pasi\u016blyti nauj\u0105 nuorod\u0105 &#8211; para\u0161ykite mums.<\/p>\n","protected":false},"author":1,"featured_media":0,"parent":0,"menu_order":100,"comment_status":"closed","ping_status":"open","template":"page_links.php","meta":{"ngg_post_thumbnail":0,"jetpack_post_was_ever_published":false,"footnotes":""},"class_list":["post-141","page","type-page","status-publish","hentry"],"aioseo_notices":[],"jetpack_sharing_enabled":true,"_links":{"self":[{"href":"https:\/\/followtheroad.com\/lt\/wp-json\/wp\/v2\/pages\/141","targetHints":{"allow":["GET"]}}],"collection":[{"href":"https:\/\/followtheroad.com\/lt\/wp-json\/wp\/v2\/pages"}],"about":[{"href":"https:\/\/followtheroad.com\/lt\/wp-json\/wp\/v2\/types\/page"}],"author":[{"embeddable":true,"href":"https:\/\/followtheroad.com\/lt\/wp-json\/wp\/v2\/users\/1"}],"replies":[{"embeddable":true,"href":"https:\/\/followtheroad.com\/lt\/wp-json\/wp\/v2\/comments?post=141"}],"version-history":[{"count":3,"href":"https:\/\/followtheroad.com\/lt\/wp-json\/wp\/v2\/pages\/141\/revisions"}],"predecessor-version":[{"id":1053,"href":"https:\/\/followtheroad.com\/lt\/wp-json\/wp\/v2\/pages\/141\/revisions\/1053"}],"wp:attachment":[{"href":"https:\/\/followtheroad.com\/lt\/wp-json\/wp\/v2\/media?parent=141"}],"curies":[{"name":"wp","href":"https:\/\/api.w.org\/{rel}","templated":true}]}}