{"id":12,"date":"2009-04-12T20:40:40","date_gmt":"2009-04-12T18:40:40","guid":{"rendered":"http:\/\/followtheroad.com\/en\/?page_id=12"},"modified":"2010-10-26T09:40:11","modified_gmt":"2010-10-26T07:40:11","slug":"sujunkime-pasauli","status":"publish","type":"page","link":"https:\/\/followtheroad.com\/lt\/sujunkime-pasauli\/","title":{"rendered":"Sujungti pasaul\u012f (Connect The World)"},"content":{"rendered":"<p>Norime, kad skirting\u0173 kult\u016br\u0173, am\u017eiaus, tik\u0117jimo, socialini\u0173 klasi\u0173 \u017emon\u0117s b\u016bt\u0173 supratingi vienas kitam ir jaust\u0173si vieningi. Mes tikime, kad \u0161i\u0105 id\u0117j\u0105 galima \u012fgyvendinti perduodant vieno \u017emogaus dovan\u0117l\u0119 &#8211; kitam.<\/p>\n<p>[connecting_scrooler]<\/p>\n<p>Prad\u017eioje \u0161\u012f projekt\u0105 nor\u0117jome prad\u0117ti \u012fteikdami savo dovan\u0117l\u0119 pirmam sutiktam \u017emogui m\u016bs\u0173 kelion\u0117je. Ta\u010diau, visk\u0105 prad\u0117jome nuo dovanos \u012ftektos mums. Tai buvo mergina, kuriai labai patiko &#8222;Connecting The World&#8221; id\u0117ja ir nusprend\u0117 mums padovanot\u012f dovan\u0117l\u0119. Taigi, projektas startavo savaime, mums to net nesitikint! ;D<\/p>\n<p>Tur\u0117dami simbolin\u0119 dovan\u0117l\u0119, j\u0105 \u012fteikiame kitam kelion\u0117je sutiktam \u017emogui, su kuriuo praleid\u017eiame pakankamai laiko, kad j\u012f ar j\u0105 pa\u017eintume. Prie\u0161 atsisveikindami, pasi\u016blome pasinaudoti mumis ir sugalvojus savo dovan\u0117l\u0119 perduoti j\u0105 kitam, kuris pasitaikys m\u016bs\u0173 kelyje. Manome, kad dovanos gav\u0117jas supras gerus siunt\u0117jo ketinimus, ir neatsisakys prisid\u0117ti prie \u0161ios id\u0117jos. Tokiu b\u016bdu kuriame tarsi suvienyt\u0173 skirting\u0173 \u017emoni\u0173 grandin\u0117, kuri, mums keliaujant i\u0161 \u0161alies \u012f \u0161al\u012f, vis ilg\u0117s&#8230;<\/p>\n<p>Apie kiekvien\u0105 nauj\u0105 dovan\u0105 ir nauj\u0105 \u017emog\u0173 visuomet rasite \u0161iame puslapyje.<\/p>\n","protected":false},"excerpt":{"rendered":"<p>Norime, kad skirting\u0173 kult\u016br\u0173, am\u017eiaus, tik\u0117jimo, socialini\u0173 klasi\u0173 \u017emon\u0117s b\u016bt\u0173 supratingi vienas kitam ir jaust\u0173si vieningi. Mes tikime, kad \u0161i\u0105 id\u0117j\u0105 galima \u012fgyvendinti perduodant vieno \u017emogaus dovan\u0117l\u0119 &#8211; kitam. [connecting_scrooler] Prad\u017eioje \u0161\u012f projekt\u0105 nor\u0117jome prad\u0117ti \u012fteikdami savo dovan\u0117l\u0119 pirmam sutiktam \u017emogui m\u016bs\u0173 kelion\u0117je. Ta\u010diau, visk\u0105 prad\u0117jome nuo dovanos \u012ftektos mums. Tai buvo mergina, kuriai labai [&hellip;]<\/p>\n","protected":false},"author":1,"featured_media":0,"parent":0,"menu_order":70,"comment_status":"open","ping_status":"open","template":"page_connect_world.php","meta":{"ngg_post_thumbnail":0,"jetpack_post_was_ever_published":false,"footnotes":""},"class_list":["post-12","page","type-page","status-publish","hentry"],"aioseo_notices":[],"jetpack_sharing_enabled":true,"_links":{"self":[{"href":"https:\/\/followtheroad.com\/lt\/wp-json\/wp\/v2\/pages\/12","targetHints":{"allow":["GET"]}}],"collection":[{"href":"https:\/\/followtheroad.com\/lt\/wp-json\/wp\/v2\/pages"}],"about":[{"href":"https:\/\/followtheroad.com\/lt\/wp-json\/wp\/v2\/types\/page"}],"author":[{"embeddable":true,"href":"https:\/\/followtheroad.com\/lt\/wp-json\/wp\/v2\/users\/1"}],"replies":[{"embeddable":true,"href":"https:\/\/followtheroad.com\/lt\/wp-json\/wp\/v2\/comments?post=12"}],"version-history":[{"count":4,"href":"https:\/\/followtheroad.com\/lt\/wp-json\/wp\/v2\/pages\/12\/revisions"}],"predecessor-version":[{"id":1054,"href":"https:\/\/followtheroad.com\/lt\/wp-json\/wp\/v2\/pages\/12\/revisions\/1054"}],"wp:attachment":[{"href":"https:\/\/followtheroad.com\/lt\/wp-json\/wp\/v2\/media?parent=12"}],"curies":[{"name":"wp","href":"https:\/\/api.w.org\/{rel}","templated":true}]}}