{"id":9,"date":"2009-04-02T19:21:17","date_gmt":"2009-04-02T17:21:17","guid":{"rendered":"http:\/\/followtheroad.com\/de\/about-2\/"},"modified":"2010-10-17T02:30:32","modified_gmt":"2010-10-17T07:30:32","slug":"quien-somos","status":"publish","type":"page","link":"https:\/\/followtheroad.com\/es\/quien-somos\/","title":{"rendered":"Quien somos"},"content":{"rendered":"<h5>Katja Lachmann<\/h5>\n<p><img decoding=\"async\" class=\"size-full wp-image-117 alignleft\" src=\"http:\/\/followtheroad.com\/en\/files\/2009\/04\/de.gif\" alt=\"Alem\u00e1n\" height=\"15\" \/><em> Alem\u00e1n<\/em> (<a href=\"http:\/\/www.coconell.com\" target=\"_blank\">www.coconell.com<\/a>)<\/p>\n<div class=\"wp-caption alignright\" style=\"width: 160px;\">\n<a href=\"https:\/\/followtheroad.com\/es\/photos\/2008\/chile\/san_felipe\/IMG_2418.JPG\" title=\" \" class=\"shutterset_\"><img src=\"https:\/\/followtheroad.com\/es\/photos\/2008\/chile\/san_felipe\/cache\/IMG_2418.JPG-nggid043354-ngg0dyn-150x0x100-00f0w010c010r110f110r010t010.JPG\" alt=\"IMG_2418\" title=\"IMG_2418\" \/><\/a>\t\n<p class=\"wp-caption-text\"> <\/p><\/div>\n\n<p>Poco tiempo despu\u00e9s de empezar mis estudios de ingenier\u00eda industrial y gesti\u00f3n (Diploma en 2005) me hice social de la asociaci\u00f3n de estudiantes Europeos <a href=\"http:\/\/www.aegee.org\/\" target=\"_blank\">AEGEE<\/a>. Durante mi primer evento (Holanda, 2001) supe que s\u00f3lo quiero una cosa: VIAJAR! Dentro de poco tiempo me fui integrando en AEGEE y viaj\u00e9 por toda Europa para tomar parte en muy diferentes sucesos. Cuando viv\u00ed en Espa\u00f1a (2003-2004) me di cuenta de que realmente quiero: un viaje sin l\u00edmites de tiempo y sin planear nada. Para acortar el tiempo lo m\u00e1s r\u00e1pido posible entre mis pensamientos y la realizaci\u00f3n de mi deseo desarroll\u00e9 mi lado m\u00e1s <a href=\"http:\/\/www.coconell.com\/\" target=\"_blank\">creativo<\/a> y viaj\u00e9 a trav\u00e9s de varios pa\u00edses del <a href=\"http:\/\/africa.kligys.com\/\" target=\"_blank\">Sur de \u00c1frica<\/a> (Julio &#8211; Octubre 2004).<\/p>\n<h5>Augustas Kligys<\/h5>\n<p><img decoding=\"async\" class=\"size-full wp-image-118 alignleft\" src=\"http:\/\/followtheroad.com\/en\/files\/2009\/04\/lt.gif\" alt=\"Lithuanian\" height=\"15\" \/><em> Lituano<\/em> (<a href=\"http:\/\/www.kligys.com\/\" target=\"_blank\">www.kligys.com<\/a>)<\/p>\n<div class=\"wp-caption alignleft\" style=\"width: 160px;\">\n<a href=\"https:\/\/followtheroad.com\/es\/photos\/2008\/chile\/san_felipe\/IMG_2426.JPG\" title=\" \" class=\"shutterset_\"><img src=\"https:\/\/followtheroad.com\/es\/photos\/2008\/chile\/san_felipe\/cache\/IMG_2426.JPG-nggid043358-ngg0dyn-150x0x100-00f0w010c010r110f110r010t010.JPG\" alt=\"IMG_2426\" title=\"IMG_2426\" \/><\/a>\t\n<p class=\"wp-caption-text\"> <\/p><\/div>\n\n<p>Despu\u00e9s de acabar mis estudios de maestro de las ciencias de inform\u00e1tica, mi profesi\u00f3n debe ser trabajar de t\u00e9cnico de ordenadores y viajar ser\u00e1 mi pasatiempo. Por fin estoy muy feliz con el trabajo con el ordenador y viajar es la mayor pasi\u00f3n de mi vida. Augustas desde 1997, cuando se hizo socio de <a href=\"http:\/\/www.autostop.lt\/\" target=\"_blank\">Vilnius Hitch-Hiking Club<\/a> (un club de las personas que hacen autostop), viaj\u00f3 en innumerables ocasiones. Despu\u00e9s de muchos a\u00f1os viajando y descubriendo Europa mi anhelo de encontrar algo nuevo, algo que no conozco y que es muy diferente de todo lo que he visitado ya. China fue al final el lugar que quise visitar. Dos a\u00f1os despu\u00e9s me fui haciendo autostop por el <a href=\"http:\/\/africa.kligys.com\/\" target=\"_blank\">Este de \u00c1frica<\/a> y trabaje de voluntario en Sud\u00e1frica. En conjunto el continente de \u00c1frica fue mi residencia por 6 meses.<\/p>\n<h5 style=\"text-align: center\"><strong>Encuentro<\/strong><\/h5>\n<p>Como nos encontramos? Augustas y su amigo viajaban por Espa\u00f1a en el verano de 2003. Antes de su llegada a Zaragoza, donde Katja estudiaba en aquel momento &#8211; contactaron con ella a trav\u00e9s del <a href=\"http:\/\/www.hospitalityclub.org\/\" target=\"_blank\">HospitalityClub<\/a> &#8211; una p\u00e1gina web para viajeros (por ejemplo hospedaje gratuito). Se quedaron tres dias en su habitaci\u00f3n y luego la invitaron para que les acompa\u00f1ara al Rainbow Gathering. Desde entonces, este suceso ocurrido en los pirineos, en el Sur de Francia.<\/p>\n<p style=\"text-align: center\"><img loading=\"lazy\" decoding=\"async\" class=\"size-thumbnail wp-image-119 aligncenter\" src=\"http:\/\/followtheroad.com\/en\/files\/2009\/04\/hands_about.jpg\" alt=\"Katja und Augustas treffen 2003\" width=\"182\" height=\"200\" \/><\/p>\n<h5 style=\"text-align: center\"><strong>La historia contin\u00faa<\/strong><\/h5>\n<p>Casi inmediatamente despu\u00e9s del Rainbow Gathering nosotros dos viajamos hacia el Norte y Oeste de Espa\u00f1a y a Portugal. Luego vivimos en diferentes lugares de Europa: Augustas en Lituania y Dinamarca, Katja mientras tanto en Espa\u00f1a y Alemania. En el verano 2004 hicimos un viaje a <a href=\"http:\/\/africa.kligys.com\/\" target=\"_blank\">\u00c1frica<\/a> y vivimos por all\u00ed alg\u00fan tiempo.<\/p>\n<p>Durante mucho tiempo, mucho antes de encontrarnos, los dos ten\u00edamos el mismo sue\u00f1o\/deseo: descubrir el mayor n\u00famero posible de pa\u00edses y lugares, culturas y personas en el mundo. Y ahora parece que el sue\u00f1o se realiza&#8230;<\/p>\n<p><em><strong>&#8230; Follow The Road &#8230;<\/strong><\/em><\/p>\n<p><em><strong><img loading=\"lazy\" decoding=\"async\" class=\"aligncenter size-full wp-image-120\" src=\"http:\/\/followtheroad.com\/en\/files\/2009\/04\/rainbow_about.gif\" alt=\"Rainbow -- FollowTheRoad\" width=\"20\" height=\"20\" \/><\/strong><\/em><\/p>\n<p style=\"text-align: center\">Katja &amp; Augustas<\/p>\n","protected":false},"excerpt":{"rendered":"<p>Katja Lachmann Alem\u00e1n (www.coconell.com) Poco tiempo despu\u00e9s de empezar mis estudios de ingenier\u00eda industrial y gesti\u00f3n (Diploma en 2005) me hice social de la asociaci\u00f3n de estudiantes Europeos AEGEE. Durante mi primer evento (Holanda, 2001) supe que s\u00f3lo quiero una cosa: VIAJAR! Dentro de poco tiempo me fui integrando en AEGEE y viaj\u00e9 por toda [&hellip;]<\/p>\n","protected":false},"author":1,"featured_media":0,"parent":0,"menu_order":0,"comment_status":"closed","ping_status":"open","template":"page.php","meta":{"ngg_post_thumbnail":0,"jetpack_post_was_ever_published":false,"footnotes":""},"class_list":["post-9","page","type-page","status-publish","hentry"],"aioseo_notices":[],"jetpack_sharing_enabled":true,"_links":{"self":[{"href":"https:\/\/followtheroad.com\/es\/wp-json\/wp\/v2\/pages\/9","targetHints":{"allow":["GET"]}}],"collection":[{"href":"https:\/\/followtheroad.com\/es\/wp-json\/wp\/v2\/pages"}],"about":[{"href":"https:\/\/followtheroad.com\/es\/wp-json\/wp\/v2\/types\/page"}],"author":[{"embeddable":true,"href":"https:\/\/followtheroad.com\/es\/wp-json\/wp\/v2\/users\/1"}],"replies":[{"embeddable":true,"href":"https:\/\/followtheroad.com\/es\/wp-json\/wp\/v2\/comments?post=9"}],"version-history":[{"count":3,"href":"https:\/\/followtheroad.com\/es\/wp-json\/wp\/v2\/pages\/9\/revisions"}],"predecessor-version":[{"id":272,"href":"https:\/\/followtheroad.com\/es\/wp-json\/wp\/v2\/pages\/9\/revisions\/272"}],"wp:attachment":[{"href":"https:\/\/followtheroad.com\/es\/wp-json\/wp\/v2\/media?parent=9"}],"curies":[{"name":"wp","href":"https:\/\/api.w.org\/{rel}","templated":true}]}}