{"id":12,"date":"2009-04-12T20:40:40","date_gmt":"2009-04-12T19:40:40","guid":{"rendered":"http:\/\/followtheroad.com\/en\/?page_id=12"},"modified":"2010-10-26T02:40:00","modified_gmt":"2010-10-26T07:40:00","slug":"connect","status":"publish","type":"page","link":"https:\/\/followtheroad.com\/es\/connect\/","title":{"rendered":"Connect The World"},"content":{"rendered":"<p>Con la idea de &#8220;Connecting the World&#8221; intentamos mejorar la comunicaci\u00f3n entre personas de diferentes culturas, fe, clases sociales, edades, etc. Estamos convencidos que la transmisi\u00f3n de un mensaje personal en forma de un regalo deja entrever que el remitente ten\u00eda buenas intenciones.<\/p>\n<p>[connecting_scrooler]<\/p>\n<p>La idea basica fue empezar con nuestro regalo y darlo a una persona que encontremos en nuestro viaje. La persona no tenia que ser la primera que encontremos pero s\u00ed una que tenga valor, con quien vivamos buenos experiencias (p.e. hu\u00e9sped). En cambio, empezamos con un regalo de otra persona. Lo occur\u00f3 porque una persona ha oido de nuestra idea de &#8220;Connecting the World&#8221; y nos entreg\u00f3 un regalo. As\u00ed, sin esperarlo, la entera idea ha empezado de su misma! ;D<\/p>\n<p>Si entregamos el regalo y la persona que lo recibe nos ofrece otro a cambio. Lo importante es el mensaje que deberemos transmitir a la persona pr\u00f3xima. De este modo construiremos como una cadena que conecta gente de diferentes naciones, culturas, etc.<\/p>\n<p>Sobre cada intercambio de regalos y su sentido vamos a informar en esta p\u00e1gina.<\/p>\n","protected":false},"excerpt":{"rendered":"<p>Con la idea de &#8220;Connecting the World&#8221; intentamos mejorar la comunicaci\u00f3n entre personas de diferentes culturas, fe, clases sociales, edades, etc. Estamos convencidos que la transmisi\u00f3n de un mensaje personal en forma de un regalo deja entrever que el remitente ten\u00eda buenas intenciones. [connecting_scrooler] La idea basica fue empezar con nuestro regalo y darlo a [&hellip;]<\/p>\n","protected":false},"author":1,"featured_media":0,"parent":0,"menu_order":70,"comment_status":"open","ping_status":"open","template":"page_connect_world.php","meta":{"ngg_post_thumbnail":0,"jetpack_post_was_ever_published":false,"footnotes":""},"class_list":["post-12","page","type-page","status-publish","hentry"],"aioseo_notices":[],"jetpack_sharing_enabled":true,"_links":{"self":[{"href":"https:\/\/followtheroad.com\/es\/wp-json\/wp\/v2\/pages\/12","targetHints":{"allow":["GET"]}}],"collection":[{"href":"https:\/\/followtheroad.com\/es\/wp-json\/wp\/v2\/pages"}],"about":[{"href":"https:\/\/followtheroad.com\/es\/wp-json\/wp\/v2\/types\/page"}],"author":[{"embeddable":true,"href":"https:\/\/followtheroad.com\/es\/wp-json\/wp\/v2\/users\/1"}],"replies":[{"embeddable":true,"href":"https:\/\/followtheroad.com\/es\/wp-json\/wp\/v2\/comments?post=12"}],"version-history":[{"count":2,"href":"https:\/\/followtheroad.com\/es\/wp-json\/wp\/v2\/pages\/12\/revisions"}],"predecessor-version":[{"id":459,"href":"https:\/\/followtheroad.com\/es\/wp-json\/wp\/v2\/pages\/12\/revisions\/459"}],"wp:attachment":[{"href":"https:\/\/followtheroad.com\/es\/wp-json\/wp\/v2\/media?parent=12"}],"curies":[{"name":"wp","href":"https:\/\/api.w.org\/{rel}","templated":true}]}}