{"id":832,"date":"2009-06-03T21:57:42","date_gmt":"2009-06-03T20:57:42","guid":{"rendered":"http:\/\/followtheroad.com\/en\/?page_id=832"},"modified":"2010-06-09T04:45:25","modified_gmt":"2010-06-09T03:45:25","slug":"europe-2009","status":"publish","type":"page","link":"https:\/\/followtheroad.com\/en\/pictures\/europe-2009\/","title":{"rendered":"Europe 2009"},"content":{"rendered":"<div>\n<p>Spending winter in Denmark and summer in Eastern Europe<\/p>\n\n<div class=\"ngg-albumoverview\">\t\t\n\t<!-- List of galleries -->\n\t\t\n\t<div class=\"ngg-album-compact\">\n\t\t<div class=\"ngg-album-compactbox\">\n\t\t\t<div class=\"ngg-album-link\">\n\t\t\t\t<a class=\"Link\" href=\"https:\/\/followtheroad.com\/en\/pictures\/europe-2009\/views-from-aalborg\/\">\n\t\t\t\t\t<img class=\"Thumb\" alt=\"Views from Aalborg\" src=\"https:\/\/followtheroad.com\/en\/photos\/2009\/europe\/aalborg-views\/cache\/DSCF0206.JPG-nggid043999-ngg0dyn-91x68-00f0w010c011r110f110r010t010.JPG\" title=\"Views from Aalborg\" \/>\n\t\t\t\t<\/a>\n\t\t\t<\/div>\n\t\t<\/div>\n\t\t<a class=\"ngg-album-desc2\" title=\"Views from Aalborg\" href=\"https:\/\/followtheroad.com\/en\/pictures\/europe-2009\/views-from-aalborg\/\" >Views from Aalborg<\/a>\n\t\t<p><strong>67<\/strong> Photos<\/p>\n\t<\/div>\n\n \t\t\n\t<div class=\"ngg-album-compact\">\n\t\t<div class=\"ngg-album-compactbox\">\n\t\t\t<div class=\"ngg-album-link\">\n\t\t\t\t<a class=\"Link\" href=\"https:\/\/followtheroad.com\/en\/pictures\/europe-2009\/aalborg-our-home-and-people\/\">\n\t\t\t\t\t<img class=\"Thumb\" alt=\"Aalborg - Our Home and People\" src=\"https:\/\/followtheroad.com\/en\/photos\/2009\/europe\/aalborg-house-people\/cache\/IMG_4008.JPG-nggid044456-ngg0dyn-91x68-00f0w010c011r110f110r010t010.JPG\" title=\"Aalborg - Our Home and People\" \/>\n\t\t\t\t<\/a>\n\t\t\t<\/div>\n\t\t<\/div>\n\t\t<a class=\"ngg-album-desc2\" title=\"Aalborg - Our Home and People\" href=\"https:\/\/followtheroad.com\/en\/pictures\/europe-2009\/aalborg-our-home-and-people\/\" >Aalborg - Our Home and People<\/a>\n\t\t<p><strong>32<\/strong> Photos<\/p>\n\t<\/div>\n\n \t\t\n\t<div class=\"ngg-album-compact\">\n\t\t<div class=\"ngg-album-compactbox\">\n\t\t\t<div class=\"ngg-album-link\">\n\t\t\t\t<a class=\"Link\" href=\"https:\/\/followtheroad.com\/en\/pictures\/europe-2009\/dumpster-diving-aalborg\/\">\n\t\t\t\t\t<img class=\"Thumb\" alt=\"Dumpster Diving Aalborg\" src=\"https:\/\/followtheroad.com\/en\/photos\/2009\/europe\/dumpster-diving\/cache\/DSCF0291.JPG-nggid044056-ngg0dyn-91x68-00f0w010c011r110f110r010t010.JPG\" title=\"Dumpster Diving Aalborg\" \/>\n\t\t\t\t<\/a>\n\t\t\t<\/div>\n\t\t<\/div>\n\t\t<a class=\"ngg-album-desc2\" title=\"Dumpster Diving Aalborg\" href=\"https:\/\/followtheroad.com\/en\/pictures\/europe-2009\/dumpster-diving-aalborg\/\" >Dumpster Diving Aalborg<\/a>\n\t\t<p><strong>31<\/strong> Photos<\/p>\n\t<\/div>\n\n \t\t\n\t<div class=\"ngg-album-compact\">\n\t\t<div class=\"ngg-album-compactbox\">\n\t\t\t<div class=\"ngg-album-link\">\n\t\t\t\t<a class=\"Link\" href=\"https:\/\/followtheroad.com\/en\/?page_id=955\">\n\t\t\t\t\t<img class=\"Thumb\" alt=\"Katja&#039;s Birthday 33 (February)\" src=\"https:\/\/followtheroad.com\/en\/photos\/2009\/europe\/birthday-33\/cache\/IMG_4061.JPG-nggid044279-ngg0dyn-91x68-00f0w010c011r110f110r010t010.JPG\" title=\"Katja&#039;s Birthday 33 (February)\" \/>\n\t\t\t\t<\/a>\n\t\t\t<\/div>\n\t\t<\/div>\n\t\t<a class=\"ngg-album-desc2\" title=\"Katja&#039;s Birthday 33 (February)\" href=\"https:\/\/followtheroad.com\/en\/?page_id=955\" >Katja&#039;s Birthday 33 (February)<\/a>\n\t\t<p><strong>36<\/strong> Photos<\/p>\n\t<\/div>\n\n \t\t\n\t<div class=\"ngg-album-compact\">\n\t\t<div class=\"ngg-album-compactbox\">\n\t\t\t<div class=\"ngg-album-link\">\n\t\t\t\t<a class=\"Link\" href=\"https:\/\/followtheroad.com\/en\/pictures\/europe-2009\/sunday-trip-to-north-jutland\/\">\n\t\t\t\t\t<img class=\"Thumb\" alt=\"Sunday trip to North Jutland (May 10)\" src=\"https:\/\/followtheroad.com\/en\/photos\/2009\/europe\/nordjyland-skagen\/cache\/IMG_4295.JPG-nggid044199-ngg0dyn-91x68-00f0w010c011r110f110r010t010.JPG\" title=\"Sunday trip to North Jutland (May 10)\" \/>\n\t\t\t\t<\/a>\n\t\t\t<\/div>\n\t\t<\/div>\n\t\t<a class=\"ngg-album-desc2\" title=\"Sunday trip to North Jutland (May 10)\" href=\"https:\/\/followtheroad.com\/en\/pictures\/europe-2009\/sunday-trip-to-north-jutland\/\" >Sunday trip to North Jutland (May 10)<\/a>\n\t\t<p><strong>47<\/strong> Photos<\/p>\n\t<\/div>\n\n \t\t\n\t<div class=\"ngg-album-compact\">\n\t\t<div class=\"ngg-album-compactbox\">\n\t\t\t<div class=\"ngg-album-link\">\n\t\t\t\t<a class=\"Link\" href=\"https:\/\/followtheroad.com\/en\/pictures\/europe-2009\/leipzig-bergen\/\">\n\t\t\t\t\t<img class=\"Thumb\" alt=\"Leipzig - Bergen\" src=\"https:\/\/followtheroad.com\/en\/photos\/2009\/europe\/leipzig-bergen\/cache\/IMG_4585.JPG-nggid043969-ngg0dyn-91x68-00f0w010c011r110f110r010t010.JPG\" title=\"Leipzig - Bergen\" \/>\n\t\t\t\t<\/a>\n\t\t\t<\/div>\n\t\t<\/div>\n\t\t<a class=\"ngg-album-desc2\" title=\"Leipzig - Bergen\" href=\"https:\/\/followtheroad.com\/en\/pictures\/europe-2009\/leipzig-bergen\/\" >Leipzig - Bergen<\/a>\n\t\t<p><strong>30<\/strong> Photos<\/p>\n\t<\/div>\n\n \t\t\n\t<div class=\"ngg-album-compact\">\n\t\t<div class=\"ngg-album-compactbox\">\n\t\t\t<div class=\"ngg-album-link\">\n\t\t\t\t<a class=\"Link\" href=\"https:\/\/followtheroad.com\/en\/pictures\/europe-2009\/bergen-friends-and-the-city\/\">\n\t\t\t\t\t<img class=\"Thumb\" alt=\"Bergen - friends and the city\" src=\"https:\/\/followtheroad.com\/en\/photos\/2009\/europe\/bergen\/cache\/IMG_4650.JPG-nggid044067-ngg0dyn-91x68-00f0w010c011r110f110r010t010.JPG\" title=\"Bergen - friends and the city\" \/>\n\t\t\t\t<\/a>\n\t\t\t<\/div>\n\t\t<\/div>\n\t\t<a class=\"ngg-album-desc2\" title=\"Bergen - friends and the city\" href=\"https:\/\/followtheroad.com\/en\/pictures\/europe-2009\/bergen-friends-and-the-city\/\" >Bergen - friends and the city<\/a>\n\t\t<p><strong>33<\/strong> Photos<\/p>\n\t<\/div>\n\n \t\t\n\t<div class=\"ngg-album-compact\">\n\t\t<div class=\"ngg-album-compactbox\">\n\t\t\t<div class=\"ngg-album-link\">\n\t\t\t\t<a class=\"Link\" href=\"https:\/\/followtheroad.com\/en\/?page_id=971\">\n\t\t\t\t\t<img class=\"Thumb\" alt=\"R\u00e5n\u00e4s, Stockholm, Sweden\" src=\"https:\/\/followtheroad.com\/en\/photos\/2009\/europe\/ranas-stockholm\/cache\/IMG_4753.JPG-nggid044478-ngg0dyn-91x68-00f0w010c011r110f110r010t010.JPG\" title=\"R\u00e5n\u00e4s, Stockholm, Sweden\" \/>\n\t\t\t\t<\/a>\n\t\t\t<\/div>\n\t\t<\/div>\n\t\t<a class=\"ngg-album-desc2\" title=\"R\u00e5n\u00e4s, Stockholm, Sweden\" href=\"https:\/\/followtheroad.com\/en\/?page_id=971\" >R\u00e5n\u00e4s, Stockholm, Sweden<\/a>\n\t\t<p><strong>18<\/strong> Photos<\/p>\n\t<\/div>\n\n \t\t\n\t<div class=\"ngg-album-compact\">\n\t\t<div class=\"ngg-album-compactbox\">\n\t\t\t<div class=\"ngg-album-link\">\n\t\t\t\t<a class=\"Link\" href=\"https:\/\/followtheroad.com\/en\/pictures\/europe-2009\/augustas-sisters-family-lithuania\/\">\n\t\t\t\t\t<img class=\"Thumb\" alt=\"With Augustas&#039; sister&#039;s family (Lithuania)\" src=\"https:\/\/followtheroad.com\/en\/photos\/2009\/europe\/augustas-sister\/cache\/IMG_5058.JPG-nggid044331-ngg0dyn-91x68-00f0w010c011r110f110r010t010.JPG\" title=\"With Augustas&#039; sister&#039;s family (Lithuania)\" \/>\n\t\t\t\t<\/a>\n\t\t\t<\/div>\n\t\t<\/div>\n\t\t<a class=\"ngg-album-desc2\" title=\"With Augustas&#039; sister&#039;s family (Lithuania)\" href=\"https:\/\/followtheroad.com\/en\/pictures\/europe-2009\/augustas-sisters-family-lithuania\/\" >With Augustas&#039; sister&#039;s family (Lithuania)<\/a>\n\t\t<p><strong>27<\/strong> Photos<\/p>\n\t<\/div>\n\n \t\t\n\t<div class=\"ngg-album-compact\">\n\t\t<div class=\"ngg-album-compactbox\">\n\t\t\t<div class=\"ngg-album-link\">\n\t\t\t\t<a class=\"Link\" href=\"https:\/\/followtheroad.com\/en\/pictures\/europe-2009\/vilnius-in-summer\/\">\n\t\t\t\t\t<img class=\"Thumb\" alt=\"Vilnius in Summer\" src=\"https:\/\/followtheroad.com\/en\/photos\/2009\/europe\/vilnius-summer\/cache\/DSCF0599.JPG-nggid044544-ngg0dyn-91x68-00f0w010c011r110f110r010t010.JPG\" title=\"Vilnius in Summer\" \/>\n\t\t\t\t<\/a>\n\t\t\t<\/div>\n\t\t<\/div>\n\t\t<a class=\"ngg-album-desc2\" title=\"Vilnius in Summer\" href=\"https:\/\/followtheroad.com\/en\/pictures\/europe-2009\/vilnius-in-summer\/\" >Vilnius in Summer<\/a>\n\t\t<p><strong>46<\/strong> Photos<\/p>\n\t<\/div>\n\n \t\t\n\t<div class=\"ngg-album-compact\">\n\t\t<div class=\"ngg-album-compactbox\">\n\t\t\t<div class=\"ngg-album-link\">\n\t\t\t\t<a class=\"Link\" href=\"https:\/\/followtheroad.com\/en\/pictures\/europe-2009\/cemetery-of-pets-vilnius\/\">\n\t\t\t\t\t<img class=\"Thumb\" alt=\"Cemetery of Pets in Vilnius\" src=\"https:\/\/followtheroad.com\/en\/photos\/2009\/europe\/vilnius-animal-cemetery\/cache\/IMG_7013.JPG-nggid044390-ngg0dyn-91x68-00f0w010c011r110f110r010t010.JPG\" title=\"Cemetery of Pets in Vilnius\" \/>\n\t\t\t\t<\/a>\n\t\t\t<\/div>\n\t\t<\/div>\n\t\t<a class=\"ngg-album-desc2\" title=\"Cemetery of Pets in Vilnius\" href=\"https:\/\/followtheroad.com\/en\/pictures\/europe-2009\/cemetery-of-pets-vilnius\/\" >Cemetery of Pets in Vilnius<\/a>\n\t\t<p><strong>16<\/strong> Photos<\/p>\n\t<\/div>\n\n \t\t\n\t<div class=\"ngg-album-compact\">\n\t\t<div class=\"ngg-album-compactbox\">\n\t\t\t<div class=\"ngg-album-link\">\n\t\t\t\t<a class=\"Link\" href=\"https:\/\/followtheroad.com\/en\/pictures\/europe-2009\/let-it-be-night-vilnius\/\">\n\t\t\t\t\t<img class=\"Thumb\" alt=\"&quot;Let it be night&quot; (Vilnius)\" src=\"https:\/\/followtheroad.com\/en\/photos\/2009\/europe\/lithuania\/tebunie-naktis\/cache\/DSCF0431.JPG-nggid044125-ngg0dyn-91x68-00f0w010c011r110f110r010t010.JPG\" title=\"&quot;Let it be night&quot; (Vilnius)\" \/>\n\t\t\t\t<\/a>\n\t\t\t<\/div>\n\t\t<\/div>\n\t\t<a class=\"ngg-album-desc2\" title=\"&quot;Let it be night&quot; (Vilnius)\" href=\"https:\/\/followtheroad.com\/en\/pictures\/europe-2009\/let-it-be-night-vilnius\/\" >&quot;Let it be night&quot; (Vilnius)<\/a>\n\t\t<p><strong>12<\/strong> Photos<\/p>\n\t<\/div>\n\n \t\t\n\t<div class=\"ngg-album-compact\">\n\t\t<div class=\"ngg-album-compactbox\">\n\t\t\t<div class=\"ngg-album-link\">\n\t\t\t\t<a class=\"Link\" href=\"https:\/\/followtheroad.com\/en\/pictures\/europe-2009\/herbage-market-in-vilnius-june-22\/\">\n\t\t\t\t\t<img class=\"Thumb\" alt=\"Herbage Market in Vilnius, June 22 (\u017dolyn\u0173 turgus)\" src=\"https:\/\/followtheroad.com\/en\/photos\/2009\/europe\/lithuania\/zolynu-turgus\/cache\/IMG_5166.JPG-nggid044111-ngg0dyn-91x68-00f0w010c011r110f110r010t010.JPG\" title=\"Herbage Market in Vilnius, June 22 (\u017dolyn\u0173 turgus)\" \/>\n\t\t\t\t<\/a>\n\t\t\t<\/div>\n\t\t<\/div>\n\t\t<a class=\"ngg-album-desc2\" title=\"Herbage Market in Vilnius, June 22 (\u017dolyn\u0173 turgus)\" href=\"https:\/\/followtheroad.com\/en\/pictures\/europe-2009\/herbage-market-in-vilnius-june-22\/\" >Herbage Market in Vilnius, June 22 (\u017dolyn\u0173 turgus)<\/a>\n\t\t<p><strong>22<\/strong> Photos<\/p>\n\t<\/div>\n\n \t\t\n\t<div class=\"ngg-album-compact\">\n\t\t<div class=\"ngg-album-compactbox\">\n\t\t\t<div class=\"ngg-album-link\">\n\t\t\t\t<a class=\"Link\" href=\"https:\/\/followtheroad.com\/en\/?page_id=963\">\n\t\t\t\t\t<img class=\"Thumb\" alt=\"Song and Dance Festival in Kaln\u0173 Parkas (Vilnius)\" src=\"https:\/\/followtheroad.com\/en\/photos\/2009\/europe\/vilnius-song-festival\/cache\/DSCF0522.JPG-nggid044410-ngg0dyn-91x68-00f0w010c011r110f110r010t010.JPG\" title=\"Song and Dance Festival in Kaln\u0173 Parkas (Vilnius)\" \/>\n\t\t\t\t<\/a>\n\t\t\t<\/div>\n\t\t<\/div>\n\t\t<a class=\"ngg-album-desc2\" title=\"Song and Dance Festival in Kaln\u0173 Parkas (Vilnius)\" href=\"https:\/\/followtheroad.com\/en\/?page_id=963\" >Song and Dance Festival in Kaln\u0173 Parkas (Vilnius)<\/a>\n\t\t<p><strong>23<\/strong> Photos<\/p>\n\t<\/div>\n\n \t\t\n\t<div class=\"ngg-album-compact\">\n\t\t<div class=\"ngg-album-compactbox\">\n\t\t\t<div class=\"ngg-album-link\">\n\t\t\t\t<a class=\"Link\" href=\"https:\/\/followtheroad.com\/en\/pictures\/europe-2009\/zagare-cherry-festival-vysniu-festivalis\/\">\n\t\t\t\t\t<img class=\"Thumb\" alt=\"\u017dagar\u0117 Cherry Festival (Vy\u0161ni\u0173 festivalis), July 16-19\" src=\"https:\/\/followtheroad.com\/en\/photos\/2009\/europe\/lithuania\/zagare\/cache\/IMG_5556.JPG-nggid044145-ngg0dyn-91x68-00f0w010c011r110f110r010t010.JPG\" title=\"\u017dagar\u0117 Cherry Festival (Vy\u0161ni\u0173 festivalis), July 16-19\" \/>\n\t\t\t\t<\/a>\n\t\t\t<\/div>\n\t\t<\/div>\n\t\t<a class=\"ngg-album-desc2\" title=\"\u017dagar\u0117 Cherry Festival (Vy\u0161ni\u0173 festivalis), July 16-19\" href=\"https:\/\/followtheroad.com\/en\/pictures\/europe-2009\/zagare-cherry-festival-vysniu-festivalis\/\" >\u017dagar\u0117 Cherry Festival (Vy\u0161ni\u0173 festivalis), July 16-19<\/a>\n\t\t<p><strong>40<\/strong> Photos<\/p>\n\t<\/div>\n\n \t\t\n\t<div class=\"ngg-album-compact\">\n\t\t<div class=\"ngg-album-compactbox\">\n\t\t\t<div class=\"ngg-album-link\">\n\t\t\t\t<a class=\"Link\" href=\"https:\/\/followtheroad.com\/en\/pictures\/europe-2009\/friends-and-family-in-germany\/\">\n\t\t\t\t\t<img class=\"Thumb\" alt=\"Friends and Family in Germany\" src=\"https:\/\/followtheroad.com\/en\/photos\/2009\/europe\/germany-friends\/cache\/IMG_4488.JPG-nggid044503-ngg0dyn-91x68-00f0w010c011r110f110r010t010.JPG\" title=\"Friends and Family in Germany\" \/>\n\t\t\t\t<\/a>\n\t\t\t<\/div>\n\t\t<\/div>\n\t\t<a class=\"ngg-album-desc2\" title=\"Friends and Family in Germany\" href=\"https:\/\/followtheroad.com\/en\/pictures\/europe-2009\/friends-and-family-in-germany\/\" >Friends and Family in Germany<\/a>\n\t\t<p><strong>36<\/strong> Photos<\/p>\n\t<\/div>\n\n \t\t\n\t<div class=\"ngg-album-compact\">\n\t\t<div class=\"ngg-album-compactbox\">\n\t\t\t<div class=\"ngg-album-link\">\n\t\t\t\t<a class=\"Link\" href=\"https:\/\/followtheroad.com\/en\/pictures\/europe-2009\/european-rainbow-gathering-ukraine\/\">\n\t\t\t\t\t<img class=\"Thumb\" alt=\"European Rainbow Gathering (Ukraine) in August\" src=\"https:\/\/followtheroad.com\/en\/photos\/2009\/europe\/rainbow-gathering-ukraine\/cache\/IMG_6962.JPG-nggid044350-ngg0dyn-91x68-00f0w010c011r110f110r010t010.JPG\" title=\"European Rainbow Gathering (Ukraine) in August\" \/>\n\t\t\t\t<\/a>\n\t\t\t<\/div>\n\t\t<\/div>\n\t\t<a class=\"ngg-album-desc2\" title=\"European Rainbow Gathering (Ukraine) in August\" href=\"https:\/\/followtheroad.com\/en\/pictures\/europe-2009\/european-rainbow-gathering-ukraine\/\" >European Rainbow Gathering (Ukraine) in August<\/a>\n\t\t<p><strong>31<\/strong> Photos<\/p>\n\t<\/div>\n\n \t\t\n\t<div class=\"ngg-album-compact\">\n\t\t<div class=\"ngg-album-compactbox\">\n\t\t\t<div class=\"ngg-album-link\">\n\t\t\t\t<a class=\"Link\" href=\"https:\/\/followtheroad.com\/en\/pictures\/europe-2009\/our-wedding-in-denmark\/\">\n\t\t\t\t\t<img class=\"Thumb\" alt=\"Our Wedding in Denmark (October 16)\" src=\"https:\/\/followtheroad.com\/en\/photos\/2009\/europe\/wedding\/cache\/IMG_7233.JPG-nggid044266-ngg0dyn-91x68-00f0w010c011r110f110r010t010.JPG\" title=\"Our Wedding in Denmark (October 16)\" \/>\n\t\t\t\t<\/a>\n\t\t\t<\/div>\n\t\t<\/div>\n\t\t<a class=\"ngg-album-desc2\" title=\"Our Wedding in Denmark (October 16)\" href=\"https:\/\/followtheroad.com\/en\/pictures\/europe-2009\/our-wedding-in-denmark\/\" >Our Wedding in Denmark (October 16)<\/a>\n\t\t<p><strong>47<\/strong> Photos<\/p>\n\t<\/div>\n\n \t \t\n\t<!-- Pagination -->\n \t<div class='ngg-clear'><\/div>\n<\/div>\n\n\n<\/div>\n","protected":false},"excerpt":{"rendered":"<p>Spending winter in Denmark and summer in Eastern Europe<\/p>\n","protected":false},"author":1,"featured_media":0,"parent":151,"menu_order":200905,"comment_status":"closed","ping_status":"open","template":"","meta":{"ngg_post_thumbnail":0,"jetpack_post_was_ever_published":false,"footnotes":""},"class_list":["post-832","page","type-page","status-publish","hentry"],"aioseo_notices":[],"jetpack_sharing_enabled":true,"_links":{"self":[{"href":"https:\/\/followtheroad.com\/en\/wp-json\/wp\/v2\/pages\/832","targetHints":{"allow":["GET"]}}],"collection":[{"href":"https:\/\/followtheroad.com\/en\/wp-json\/wp\/v2\/pages"}],"about":[{"href":"https:\/\/followtheroad.com\/en\/wp-json\/wp\/v2\/types\/page"}],"author":[{"embeddable":true,"href":"https:\/\/followtheroad.com\/en\/wp-json\/wp\/v2\/users\/1"}],"replies":[{"embeddable":true,"href":"https:\/\/followtheroad.com\/en\/wp-json\/wp\/v2\/comments?post=832"}],"version-history":[{"count":3,"href":"https:\/\/followtheroad.com\/en\/wp-json\/wp\/v2\/pages\/832\/revisions"}],"predecessor-version":[{"id":837,"href":"https:\/\/followtheroad.com\/en\/wp-json\/wp\/v2\/pages\/832\/revisions\/837"}],"up":[{"embeddable":true,"href":"https:\/\/followtheroad.com\/en\/wp-json\/wp\/v2\/pages\/151"}],"wp:attachment":[{"href":"https:\/\/followtheroad.com\/en\/wp-json\/wp\/v2\/media?parent=832"}],"curies":[{"name":"wp","href":"https:\/\/api.w.org\/{rel}","templated":true}]}}