{"id":3,"date":"2009-04-02T19:21:17","date_gmt":"2009-04-02T17:21:17","guid":{"rendered":"http:\/\/followtheroad.com\/de\/about-2\/"},"modified":"2010-10-17T09:31:12","modified_gmt":"2010-10-17T07:31:12","slug":"uber-uns","status":"publish","type":"page","link":"https:\/\/followtheroad.com\/de\/uber-uns\/","title":{"rendered":"\u00dcber uns"},"content":{"rendered":"<h5>Katja Lachmann<\/h5>\n<p><img decoding=\"async\" class=\"size-full wp-image-117 alignleft\" src=\"http:\/\/followtheroad.com\/en\/files\/2009\/04\/de.gif\" alt=\"German\" height=\"15\" \/> (<a href=\"http:\/\/www.coconell.com\" target=\"_blank\">www.coconell.com<\/a>)<\/p>\n<div class=\"wp-caption alignright\" style=\"width: 160px;\">\n<a href=\"https:\/\/followtheroad.com\/de\/photos\/2008\/chile\/san_felipe\/IMG_2418.JPG\" title=\" \" class=\"shutterset_\"><img src=\"https:\/\/followtheroad.com\/de\/photos\/2008\/chile\/san_felipe\/cache\/IMG_2418.JPG-nggid043354-ngg0dyn-150x0x100-00f0w010c010r110f110r010t010.JPG\" alt=\"IMG_2418\" title=\"IMG_2418\" \/><\/a>\t\n<p class=\"wp-caption-text\"> <\/p><\/div>\n\n<p>Kurz nach Beginn meines Studiums Wirtschaftsingenieurwesen (Diplom 2005) bin ich Mitglied bei der Europ\u00e4ischen Studentenvereinigung <a href=\"http:\/\/www.aegee.org\/\" target=\"_blank\">AEGEE<\/a> geworden. W\u00e4hrend meines ersten Events (Niederlande, 2001) hat sich bei mir das Reisefieber eingeschlichen und innerhalb k\u00fcrzester Zeit wurde ich aktiv in AEGEE und bin in ganz Europa zu Veranstaltungen unterwegs gewesen. Als ich dann in Spanien lebte (2003-2004) erkannte ich was ich wirklich will: eine Reise ohne Zeitbeschr\u00e4nkung und ohne jegliche Vorausplanung. Um die Zeit zwischen meinem Entschluss und der Realisierung dieser Reise zu \u00fcberbr\u00fccken habe ich meine <a href=\"http:\/\/www.coconell.com\" target=\"_blank\">kreative Seite<\/a> weiterentwickelt und eine Reise durch einige <a href=\"http:\/\/africa.kligys.com\" target=\"_blank\">s\u00fcdliche L\u00e4nder Afrikas<\/a> (Juli-Oktober 2004) unternommen.<\/p>\n<h5>Augustas Kligys<\/h5>\n<p><img decoding=\"async\" class=\"size-full wp-image-118 alignleft\" src=\"http:\/\/followtheroad.com\/en\/files\/2009\/04\/lt.gif\" alt=\"Lithuanian\" height=\"15\" \/><em> Litauer<\/em> (<a href=\"http:\/\/www.kligys.com\/\" target=\"_blank\">www.kligys.com<\/a>)<\/p>\n<div class=\"wp-caption alignleft\" style=\"width: 160px;\">\n<a href=\"https:\/\/followtheroad.com\/de\/photos\/2008\/chile\/san_felipe\/IMG_2426.JPG\" title=\" \" class=\"shutterset_\"><img src=\"https:\/\/followtheroad.com\/de\/photos\/2008\/chile\/san_felipe\/cache\/IMG_2426.JPG-nggid043358-ngg0dyn-150x0x100-00f0w010c010r110f110r010t010.JPG\" alt=\"IMG_2426\" title=\"IMG_2426\" \/><\/a>\t\n<p class=\"wp-caption-text\"> <\/p><\/div>\n\n<p>Den Abschluss eines Master in Computer Sciene in der Tasche, sollte ich eigentlich als Computerexperte arbeiten und reisen sollte mein Hobby sein. Eigentlich&#8230;<\/p>\n<p>Letztlich bin ich froh, dass die Arbeit mit dem Computer zu meinem Hobby wird und reisen meine gr\u00f6sste Leidenschaft im Leben. Seit 1997, als ich dem <a href=\"http:\/\/www.autostop.lt\/\" target=\"_blank\">Vilnius Hitch-Hiking Club<\/a> beitrat, bin ich sehr oft unterwegs gewesen. Nachdem ich viele Jahre lang Europa entdecken konnte, wurde meine Sehnsucht nach etwas Neuem immer st\u00e4rker&#8230; China war letztlich der Ort, den ich 2002 als n\u00e4chstes, diesmal v\u00f6llig gegens\u00e4tzliches Reiseziel zu Europa ausw\u00e4hlte. Zwei Jahre sp\u00e4ter bin ich per Anhalter durch <a href=\"http:\/\/africa.kligys.com\/\" target=\"_blank\">Ostafrika<\/a> gereist und habe einen Freiwilligendienst in S\u00fcdafrika absolviert. Insgesamt war ich 6 Monate auf dem afrikanischen Kontinent zu Hause.<\/p>\n<h5 style=\"text-align: center\">Treffen<\/h5>\n<p>Wie haben wir uns kennengelernt? Augustas und einer seiner Freunde sind im Sommer 2003 durch Spanien gereist. Vor deren Ankunft in Zaragoza, wo Katja zum damaligen Zeitpunkt studierte, nahmen sie Kontakt mit ihr durch den <a href=\"http:\/\/www.HospitalityClub.org\/\" target=\"_blank\">Hospitalityclub<\/a> &#8211; eine Website f\u00fcr Reisende (kostenlose Unterkunft u.a.) &#8211; auf. Nachdem sie f\u00fcr drei Tage bei ihr untergekommen waren, haben sie Katja zu einem Rainbow Gathering eingeladen, was zu jener Zeit in den Pyren\u00e4en, im S\u00fcden Frankreichs stattfand.<\/p>\n<p style=\"text-align: center\"><img loading=\"lazy\" decoding=\"async\" class=\"size-thumbnail wp-image-119 aligncenter\" src=\"http:\/\/followtheroad.com\/en\/files\/2009\/04\/hands_about.jpg\" alt=\"Katja und Augustas treffen 2003\" width=\"182\" height=\"200\" \/><\/p>\n<h5 style=\"text-align: center\">Die Geschichte geht weiter<\/h5>\n<p>Fast unmittelbar nach dem Rainbow Gathering sind wir Beide dann circa einen Monat entlang der Nord- und Westk\u00fcste Spaniens und queer durch Portugal gereist. Danach haben wir an  verschiedenen Orten gelebt: Augustas in Litauen und D\u00e4nemark, Katja w\u00e4hrenddessen in Spanien und Deutschland. Im Sommer 2004 haben wir dann beide eine Reise nach <a href=\"http:\/\/africa.kligys.com\/\" target=\"_blank\">Afrika<\/a> unternommen und dort f\u00fcr einige Zeit gelebt.<\/p>\n<p>Seit langem, weit bevor sich unsere Wege gekreuzt haben, hatten wir &#8211; unabh\u00e4ngig voneinander &#8211; den gleichen Traum: wir wollten so viele verschiedene L\u00e4nder, Kulturen und Menschen wie m\u00f6glich kennenlernen. Und nun scheint sich dieser Traum zu verwirklichen&#8230;<\/p>\n<p><em><strong>&#8230; Follow The Road &#8230;<\/strong><\/em><\/p>\n<p><em><strong><img loading=\"lazy\" decoding=\"async\" class=\"aligncenter size-full wp-image-120\" src=\"http:\/\/followtheroad.com\/en\/files\/2009\/04\/rainbow_about.gif\" alt=\"Rainbow -- FollowTheRoad\" width=\"20\" height=\"20\" \/><\/strong><\/em><\/p>\n<p style=\"text-align: center\">Katja &amp; Augustas<\/p>\n","protected":false},"excerpt":{"rendered":"<p>Katja Lachmann (www.coconell.com) Kurz nach Beginn meines Studiums Wirtschaftsingenieurwesen (Diplom 2005) bin ich Mitglied bei der Europ\u00e4ischen Studentenvereinigung AEGEE geworden. W\u00e4hrend meines ersten Events (Niederlande, 2001) hat sich bei mir das Reisefieber eingeschlichen und innerhalb k\u00fcrzester Zeit wurde ich aktiv in AEGEE und bin in ganz Europa zu Veranstaltungen unterwegs gewesen. Als ich dann in [&hellip;]<\/p>\n","protected":false},"author":1,"featured_media":0,"parent":0,"menu_order":0,"comment_status":"closed","ping_status":"open","template":"page.php","meta":{"ngg_post_thumbnail":0,"jetpack_post_was_ever_published":false,"footnotes":""},"class_list":["post-3","page","type-page","status-publish","hentry"],"aioseo_notices":[],"jetpack_sharing_enabled":true,"_links":{"self":[{"href":"https:\/\/followtheroad.com\/de\/wp-json\/wp\/v2\/pages\/3","targetHints":{"allow":["GET"]}}],"collection":[{"href":"https:\/\/followtheroad.com\/de\/wp-json\/wp\/v2\/pages"}],"about":[{"href":"https:\/\/followtheroad.com\/de\/wp-json\/wp\/v2\/types\/page"}],"author":[{"embeddable":true,"href":"https:\/\/followtheroad.com\/de\/wp-json\/wp\/v2\/users\/1"}],"replies":[{"embeddable":true,"href":"https:\/\/followtheroad.com\/de\/wp-json\/wp\/v2\/comments?post=3"}],"version-history":[{"count":3,"href":"https:\/\/followtheroad.com\/de\/wp-json\/wp\/v2\/pages\/3\/revisions"}],"predecessor-version":[{"id":227,"href":"https:\/\/followtheroad.com\/de\/wp-json\/wp\/v2\/pages\/3\/revisions\/227"}],"wp:attachment":[{"href":"https:\/\/followtheroad.com\/de\/wp-json\/wp\/v2\/media?parent=3"}],"curies":[{"name":"wp","href":"https:\/\/api.w.org\/{rel}","templated":true}]}}