{"id":249,"date":"2009-05-08T13:55:44","date_gmt":"2009-05-08T11:55:44","guid":{"rendered":"http:\/\/followtheroad.com\/de\/?page_id=249"},"modified":"2009-05-23T12:46:26","modified_gmt":"2009-05-23T10:46:26","slug":"buch","status":"publish","type":"page","link":"https:\/\/followtheroad.com\/de\/media\/buch\/","title":{"rendered":"Buch"},"content":{"rendered":"<div class=\"wp-caption alignright\" style=\"width: 250px\"><img decoding=\"async\" src=\"\/de\/files\/2009\/05\/buch_cover.png\" alt=\"Auf dem Weg - Das Buch\" \/><br \/>\n<strong>AUF DEM WEG<br \/>\nmit, durch und f\u00fcr<br \/>\ndie Menschen dieser Welt<\/strong><\/p>\n<p>Autor: Katja Lachmann<br \/>\n120 Seiten, 80 S\/W-Bilder<\/p><\/div>\n<p>Im Januar 2006 kehrten wir Europa den R\u00fccken zu, um ein neues Leben auf den Stra\u00dfen dieser Welt zu beginnen. Mit dem Notwendigsten ausgestattet und best\u00fcckt mit vier reisefreudigen Daumen machten wir uns auf den Weg nach Mexiko, von wo aus wir \u2013 wie stets \u2013 per Anhalter loszogen. Auf diese Weise bereisten wir Zentralamerika, segelten kostenlos von Mexiko nach Cuba und weiter nach Panama, entdeckten etliche L\u00e4nder S\u00fcdamerikas, und lie\u00dfen uns sogar per Anhalter aus dem peruanischen Dschungel fliegen.<\/p>\n<p>Ein erstes Werk voll gepackt mit unseren Abenteuern ist nun erh\u00e4ltlich. Wenn Sie sich f\u00fcr ein Exemplar interessieren, bestellen Sie es bei uns \u00fcber <a href=\"\/de\/kontakt\/\">unser Kontaktformular<\/a>.<\/p>\n<p>Der Kaufpreis betr\u00e4gt<strong><br \/>\nEUR 9 plus Versandkosten<\/strong><\/p>\n<p>Bezahlungsm\u00f6glichkeiten:<\/p>\n<ul>\n<li> Paypal<\/li>\n<li> Bank\u00fcberweisung auf unsere Konten in Deutschland, D\u00e4nemark, oder Litauen<\/li>\n<\/ul>\n<p>Das erwartet Sie:<\/p>\n<ul>\n<li><a href=\"\/de\/files\/2009\/05\/inhalt.pdf\">Inhaltsverzeichnis<\/a><\/li>\n<li><a href=\"\/de\/files\/2009\/05\/mexiko.pdf\">Erstes Kapitel<\/a><\/li>\n<li><a href=\"#vorwort\">Vorwort<\/a><\/li>\n<\/ul>\n<p><em>Das Buch ist auch in <a href=\"\/en\/media\/book\/\">englischer Sprache erh\u00e4ltlich<\/a>.<\/em><\/p>\n<p><a name=\"vorwort\"><hr style=\"clear:both\" \/><\/a><\/p>\n<h6>Vorwort<\/h6>\n<p>Dieses Buch basiert auf meinem 500 Seiten umfassenden Hauptwerk mit dem gleichen Titel, dessen Komplettdruck mir aufgrund der hohen Kosten unm\u00f6glich ist. Es ist daher nur ein Ausschnitt vom ersten Teil unserer Reise durch Mexiko, Zentralamerika und Kuba im Zeitraum Januar 2006 bis Mai 2007, der allerdings alle Facetten unseres Vagabundenlebens in diesen Regionen reflektiert.<\/p>\n<p>Das Ziel dieses Werkes ist, mit anderen Menschen meine Erlebnisse zu teilen. Ich m\u00f6chte einen Einblick in das allt\u00e4gliche Leben der Pers\u00f6nlichkeiten geben, dessen Kulturen wir auf unserer Reise durch oben genannte L\u00e4nder kennengelernt haben. Ich hoffe damit, die von Medien oft verbreiteten negativen Eindr\u00fccke \u00fcber die Bewohner dieser L\u00e4nder zu revidieren. Ich m\u00f6chte zum Nachdenken anregen, denn im Grunde genommen wollen alle Menschen auf dieser Erde einfach nur gl\u00fccklich sein. Wir alle atmen, lieben, essen, schlafen, leben&#8230; einer wie der andere. Die kulturellen Unterschiede stehen aus meiner Sicht f\u00fcr das notwendige Salz in der Suppe, ohne das der Menschheit ein enormer Wert verloren gehen w\u00fcrde.<\/p>\n<p>Mein Wunsch ist es zudem, die Leser meines Werkes zu motivieren, ihren Gef\u00fchlen zu folgen. Intuition ist ein wertvolles Gut, dem in der heutigen Hochleistungsgesellschaft zu wenig Beachtung geschenkt wird. W\u00fcrden wir alle unseren Gef\u00fchlen folgen w\u00e4re meines Erachtens das bessere Leben, von dem wir tr\u00e4umen, bereits Realit\u00e4t.<\/p>\n","protected":false},"excerpt":{"rendered":"<p>AUF DEM WEG mit, durch und f\u00fcr die Menschen dieser Welt Autor: Katja Lachmann 120 Seiten, 80 S\/W-Bilder Im Januar 2006 kehrten wir Europa den R\u00fccken zu, um ein neues Leben auf den Stra\u00dfen dieser Welt zu beginnen. Mit dem Notwendigsten ausgestattet und best\u00fcckt mit vier reisefreudigen Daumen machten wir uns auf den Weg nach [&hellip;]<\/p>\n","protected":false},"author":1,"featured_media":0,"parent":172,"menu_order":3,"comment_status":"open","ping_status":"open","template":"","meta":{"ngg_post_thumbnail":0,"jetpack_post_was_ever_published":false,"footnotes":""},"class_list":["post-249","page","type-page","status-publish","hentry"],"aioseo_notices":[],"jetpack_sharing_enabled":true,"_links":{"self":[{"href":"https:\/\/followtheroad.com\/de\/wp-json\/wp\/v2\/pages\/249","targetHints":{"allow":["GET"]}}],"collection":[{"href":"https:\/\/followtheroad.com\/de\/wp-json\/wp\/v2\/pages"}],"about":[{"href":"https:\/\/followtheroad.com\/de\/wp-json\/wp\/v2\/types\/page"}],"author":[{"embeddable":true,"href":"https:\/\/followtheroad.com\/de\/wp-json\/wp\/v2\/users\/1"}],"replies":[{"embeddable":true,"href":"https:\/\/followtheroad.com\/de\/wp-json\/wp\/v2\/comments?post=249"}],"version-history":[{"count":3,"href":"https:\/\/followtheroad.com\/de\/wp-json\/wp\/v2\/pages\/249\/revisions"}],"predecessor-version":[{"id":252,"href":"https:\/\/followtheroad.com\/de\/wp-json\/wp\/v2\/pages\/249\/revisions\/252"}],"up":[{"embeddable":true,"href":"https:\/\/followtheroad.com\/de\/wp-json\/wp\/v2\/pages\/172"}],"wp:attachment":[{"href":"https:\/\/followtheroad.com\/de\/wp-json\/wp\/v2\/media?parent=249"}],"curies":[{"name":"wp","href":"https:\/\/api.w.org\/{rel}","templated":true}]}}