{"id":145,"date":"2009-04-26T11:58:45","date_gmt":"2009-04-26T10:58:45","guid":{"rendered":"http:\/\/followtheroad.com\/en\/?page_id=145"},"modified":"2009-05-25T18:45:06","modified_gmt":"2009-05-25T16:45:06","slug":"kontakt","status":"publish","type":"page","link":"https:\/\/followtheroad.com\/de\/kontakt\/","title":{"rendered":"Kontakt"},"content":{"rendered":"<p>Benutze das hier zur Verf\u00fcgung stehende Formular um uns pers\u00f6nlich zu kontaktieren. Z\u00f6gere nicht uns eine Nachricht zu senden, egal warum! Zum Beispiel um:<\/p>\n<ul>\n<li>uns zu treffen und unseren Erfahrungen zu lauschen<\/li>\n<li>eine Tasse Tee, ein Glas naturbelassenen Saft, &#8230; in Gesellschaft zu geniessen<\/li>\n<li>Informationen mit uns zu teilen oder auszutauschen<\/li>\n<li>einen Einblick in deine Kultur zu geben<\/li>\n<li>mit uns zu kochen ;D<\/li>\n<li>eine Einladung in dein Haus zu erteilen<\/li>\n<li>eine Freiwilligent\u00e4tigkeit oder jede andere Arbeit anzubieten<\/li>\n<li>&#8230; f\u00e4llt dir noch etwas ein?<\/li>\n<\/ul>\n<p>Sobald wir die M\u00f6glichkeit haben, werden wir uns bei dir zur\u00fcckmelden. Vielen Dank! \ud83d\ude42<\/p>\n\n<div class=\"wpcf7 no-js\" id=\"wpcf7-f823-o1\" lang=\"\" dir=\"ltr\" data-wpcf7-id=\"823\">\n<div class=\"screen-reader-response\"><p role=\"status\" aria-live=\"polite\" aria-atomic=\"true\"><\/p> <ul><\/ul><\/div>\n<form action=\"\/de\/wp-json\/wp\/v2\/pages\/145#wpcf7-f823-o1\" method=\"post\" class=\"wpcf7-form init\" aria-label=\"Kontaktformular\" novalidate=\"novalidate\" data-status=\"init\">\n<fieldset class=\"hidden-fields-container\"><input type=\"hidden\" name=\"_wpcf7\" value=\"823\" \/><input type=\"hidden\" name=\"_wpcf7_version\" value=\"6.1\" \/><input type=\"hidden\" name=\"_wpcf7_locale\" value=\"\" \/><input type=\"hidden\" name=\"_wpcf7_unit_tag\" value=\"wpcf7-f823-o1\" \/><input type=\"hidden\" name=\"_wpcf7_container_post\" value=\"0\" \/><input type=\"hidden\" name=\"_wpcf7_posted_data_hash\" value=\"\" \/>\n<\/fieldset>\n<p><b>Ihre Name<\/b>\n<\/p>\n<p><span class=\"wpcf7-form-control-wrap\" data-name=\"visitors-name\"><input size=\"40\" maxlength=\"400\" class=\"wpcf7-form-control wpcf7-text wpcf7-validates-as-required\" aria-required=\"true\" aria-invalid=\"false\" value=\"\" type=\"text\" name=\"visitors-name\" \/><\/span>\n<\/p>\n<p><b>Ihre Email<\/b>\n<\/p>\n<p><span class=\"wpcf7-form-control-wrap\" data-name=\"visitors-email\"><input size=\"40\" maxlength=\"400\" class=\"wpcf7-form-control wpcf7-email wpcf7-validates-as-required wpcf7-text wpcf7-validates-as-email\" aria-required=\"true\" aria-invalid=\"false\" value=\"\" type=\"email\" name=\"visitors-email\" \/><\/span>\n<\/p>\n<p><b>Betreff<\/b>\n<\/p>\n<p><span class=\"wpcf7-form-control-wrap\" data-name=\"visitors-subject\"><input size=\"40\" maxlength=\"400\" class=\"wpcf7-form-control wpcf7-text\" aria-invalid=\"false\" value=\"\" type=\"text\" name=\"visitors-subject\" \/><\/span>\n<\/p>\n<p><b>Nachricht<\/b>\n<\/p>\n<p><span class=\"wpcf7-form-control-wrap\" data-name=\"visitors-message\"><textarea cols=\"55\" rows=\"10\" maxlength=\"2000\" class=\"wpcf7-form-control wpcf7-textarea wpcf7-validates-as-required\" aria-required=\"true\" aria-invalid=\"false\" name=\"visitors-message\"><\/textarea><\/span>\n<\/p>\n<p><b>Nummer wiederholen<\/b>\n<\/p>\n<p><span class=\"wpcf7-form-control-wrap\" data-name=\"visual-control\"><input size=\"5\" maxlength=\"5\" class=\"wpcf7-form-control wpcf7-captchar\" autocomplete=\"off\" aria-invalid=\"false\" value=\"\" type=\"text\" name=\"visual-control\" \/><\/span><br \/>\n<input type=\"hidden\" name=\"_wpcf7_captcha_challenge_visual-control\" value=\"4224760476\" \/><img loading=\"lazy\" decoding=\"async\" class=\"wpcf7-form-control wpcf7-captchac wpcf7-captcha-visual-control\" width=\"84\" height=\"28\" alt=\"captcha\" src=\"https:\/\/followtheroad.com\/de\/files\/wpcf7_captcha\/4224760476.png\" \/>\n<\/p>\n<p><input class=\"wpcf7-form-control wpcf7-submit has-spinner\" type=\"submit\" value=\"Abschicken\" \/>\n<\/p><p style=\"display: none !important;\" class=\"akismet-fields-container\" data-prefix=\"_wpcf7_ak_\"><label>&#916;<textarea name=\"_wpcf7_ak_hp_textarea\" cols=\"45\" rows=\"8\" maxlength=\"100\"><\/textarea><\/label><input type=\"hidden\" id=\"ak_js_1\" name=\"_wpcf7_ak_js\" value=\"157\"\/><script>document.getElementById( \"ak_js_1\" ).setAttribute( \"value\", ( new Date() ).getTime() );<\/script><\/p><div class=\"wpcf7-response-output\" aria-hidden=\"true\"><\/div>\n<\/form>\n<\/div>\n\n","protected":false},"excerpt":{"rendered":"<p>Benutze das hier zur Verf\u00fcgung stehende Formular um uns pers\u00f6nlich zu kontaktieren. Z\u00f6gere nicht uns eine Nachricht zu senden, egal warum! Zum Beispiel um: uns zu treffen und unseren Erfahrungen zu lauschen eine Tasse Tee, ein Glas naturbelassenen Saft, &#8230; in Gesellschaft zu geniessen Informationen mit uns zu teilen oder auszutauschen einen Einblick in deine [&hellip;]<\/p>\n","protected":false},"author":1,"featured_media":0,"parent":0,"menu_order":80,"comment_status":"closed","ping_status":"open","template":"","meta":{"ngg_post_thumbnail":0,"jetpack_post_was_ever_published":false,"footnotes":""},"class_list":["post-145","page","type-page","status-publish","hentry"],"aioseo_notices":[],"jetpack_sharing_enabled":true,"_links":{"self":[{"href":"https:\/\/followtheroad.com\/de\/wp-json\/wp\/v2\/pages\/145","targetHints":{"allow":["GET"]}}],"collection":[{"href":"https:\/\/followtheroad.com\/de\/wp-json\/wp\/v2\/pages"}],"about":[{"href":"https:\/\/followtheroad.com\/de\/wp-json\/wp\/v2\/types\/page"}],"author":[{"embeddable":true,"href":"https:\/\/followtheroad.com\/de\/wp-json\/wp\/v2\/users\/1"}],"replies":[{"embeddable":true,"href":"https:\/\/followtheroad.com\/de\/wp-json\/wp\/v2\/comments?post=145"}],"version-history":[{"count":3,"href":"https:\/\/followtheroad.com\/de\/wp-json\/wp\/v2\/pages\/145\/revisions"}],"predecessor-version":[{"id":238,"href":"https:\/\/followtheroad.com\/de\/wp-json\/wp\/v2\/pages\/145\/revisions\/238"}],"wp:attachment":[{"href":"https:\/\/followtheroad.com\/de\/wp-json\/wp\/v2\/media?parent=145"}],"curies":[{"name":"wp","href":"https:\/\/api.w.org\/{rel}","templated":true}]}}