{"id":12,"date":"2009-04-12T20:40:40","date_gmt":"2009-04-12T19:40:40","guid":{"rendered":"http:\/\/followtheroad.com\/en\/?page_id=12"},"modified":"2010-10-26T09:39:45","modified_gmt":"2010-10-26T07:39:45","slug":"connect","status":"publish","type":"page","link":"https:\/\/followtheroad.com\/de\/connect\/","title":{"rendered":"Connect The World"},"content":{"rendered":"<p>Mit der &#8220;Connecting the world&#8221;-Idee versuchen wir die Verst\u00e4ndigung zwischen Menschen verschiedener Kulturen, Glauben, gesellschaftlicher Schichten, Alters usw. zu verbessern. Wir sind davon \u00fcberzeugt, dass die \u00dcberbringung einer pers\u00f6nlichen Nachricht in Form eines Geschenkes den Empf\u00e4nger verstehen l\u00e4sst, dass der vorherige Besitzer gute Absichten verfolgt.<\/p>\n<p>[connecting_scrooler]<\/p>\n<p>Eigentlich war es unsere Absicht, mit unserem eigenen Geschenk zu beginnen und dieses an eine Person weiterzugeben, die uns auf unserer Reise begegnet (z.B. ein Gastgeber). Stattdessen begannen wir aber mit einem Geschenk, was uns zuvor \u00fcbergeben wurde. Das geschah, da eine Person \u00fcber unsere &#8220;Connecting the World&#8221; Idee geh\u00f6rt hatte und uns deswegen ein Geschenk \u00fcbergab. Somit, ohne es ahnen zu k\u00f6nnen, bekam die Idee eigene F\u00fc\u00dfe und begann ganz von allein zu laufen! ;D<\/p>\n<p>Wenn wir das Geschenk \u00fcbergeben, bieten wir dem Empf\u00e4nger an, uns ein anderes Geschenk im Austausch daf\u00fcr zu geben. Wichtig dabei ist die Nachricht, die an die n\u00e4chste Person \u00fcbermittelt werden soll. Auf diese Weise werden wir eine Art Kette bilden, die Menschen verschiedener Nationen, Kulturen usw. miteinander verbindet.<\/p>\n<p>\u00dcber jeglichen Austausch von Geschenken und deren Bedeutung werden wir auf dieser Seite berichten.<\/p>\n","protected":false},"excerpt":{"rendered":"<p>Mit der &#8220;Connecting the world&#8221;-Idee versuchen wir die Verst\u00e4ndigung zwischen Menschen verschiedener Kulturen, Glauben, gesellschaftlicher Schichten, Alters usw. zu verbessern. Wir sind davon \u00fcberzeugt, dass die \u00dcberbringung einer pers\u00f6nlichen Nachricht in Form eines Geschenkes den Empf\u00e4nger verstehen l\u00e4sst, dass der vorherige Besitzer gute Absichten verfolgt. [connecting_scrooler] Eigentlich war es unsere Absicht, mit unserem eigenen Geschenk [&hellip;]<\/p>\n","protected":false},"author":1,"featured_media":0,"parent":0,"menu_order":70,"comment_status":"open","ping_status":"open","template":"page_connect_world.php","meta":{"ngg_post_thumbnail":0,"jetpack_post_was_ever_published":false,"footnotes":""},"class_list":["post-12","page","type-page","status-publish","hentry"],"aioseo_notices":[],"jetpack_sharing_enabled":true,"_links":{"self":[{"href":"https:\/\/followtheroad.com\/de\/wp-json\/wp\/v2\/pages\/12","targetHints":{"allow":["GET"]}}],"collection":[{"href":"https:\/\/followtheroad.com\/de\/wp-json\/wp\/v2\/pages"}],"about":[{"href":"https:\/\/followtheroad.com\/de\/wp-json\/wp\/v2\/types\/page"}],"author":[{"embeddable":true,"href":"https:\/\/followtheroad.com\/de\/wp-json\/wp\/v2\/users\/1"}],"replies":[{"embeddable":true,"href":"https:\/\/followtheroad.com\/de\/wp-json\/wp\/v2\/comments?post=12"}],"version-history":[{"count":3,"href":"https:\/\/followtheroad.com\/de\/wp-json\/wp\/v2\/pages\/12\/revisions"}],"predecessor-version":[{"id":789,"href":"https:\/\/followtheroad.com\/de\/wp-json\/wp\/v2\/pages\/12\/revisions\/789"}],"wp:attachment":[{"href":"https:\/\/followtheroad.com\/de\/wp-json\/wp\/v2\/media?parent=12"}],"curies":[{"name":"wp","href":"https:\/\/api.w.org\/{rel}","templated":true}]}}